{"id":35,"date":"2023-11-08T15:38:55","date_gmt":"2023-11-08T14:38:55","guid":{"rendered":"https:\/\/kranzhost.de\/bestmann2023\/?page_id=35"},"modified":"2025-02-18T13:56:00","modified_gmt":"2025-02-18T12:56:00","slug":"leistungen","status":"publish","type":"page","link":"https:\/\/bestmann.com\/en\/leistungen\/","title":{"rendered":"Services"},"content":{"rendered":"<div data-elementor-type=\"wp-page\" data-elementor-id=\"35\" class=\"elementor elementor-35\" data-elementor-post-type=\"page\">\n\t\t\t\t<div class=\"elementor-element elementor-element-b63d244 e-con-full e-flex e-con e-parent\" data-id=\"b63d244\" data-element_type=\"container\" data-e-type=\"container\">\n\t\t\t\t<div class=\"elementor-element elementor-element-b16022b elementor-widget elementor-widget-shortcode\" data-id=\"b16022b\" data-element_type=\"widget\" data-e-type=\"widget\" data-widget_type=\"shortcode.default\">\n\t\t\t\t\t\t\t<div class=\"elementor-shortcode\"><\/div>\n\t\t\t\t\t\t<\/div>\n\t\t\t\t<\/div>\n\t\t<div class=\"elementor-element elementor-element-7842442 e-flex e-con-boxed e-con e-parent\" data-id=\"7842442\" data-element_type=\"container\" data-e-type=\"container\" data-settings=\"{&quot;background_background&quot;:&quot;classic&quot;}\">\n\t\t\t\t\t<div class=\"e-con-inner\">\n\t\t\t\t<div class=\"elementor-element elementor-element-5bcb828 elementor-widget elementor-widget-heading\" data-id=\"5bcb828\" data-element_type=\"widget\" data-e-type=\"widget\" data-widget_type=\"heading.default\">\n\t\t\t\t\t<h1 class=\"elementor-heading-title elementor-size-default\">WHETHER EXHIBITION STAND, CONGRESS EQUIPMENT<br>\nOR\nEXHIBITION CONSTRUCTION \u2013 WE ARE THERE FOR YOU!<\/h1>\t\t\t\t<\/div>\n\t\t\t\t\t<\/div>\n\t\t\t\t<\/div>\n\t\t<div class=\"elementor-element elementor-element-61e62fa0 e-flex e-con-boxed e-con e-parent\" data-id=\"61e62fa0\" data-element_type=\"container\" data-e-type=\"container\">\n\t\t\t\t\t<div class=\"e-con-inner\">\n\t\t<div class=\"elementor-element elementor-element-14654f37 e-con-full e-flex e-con e-child\" data-id=\"14654f37\" data-element_type=\"container\" data-e-type=\"container\">\n\t\t\t\t<div class=\"elementor-element elementor-element-714b1649 elementor-invisible elementor-widget elementor-widget-heading\" data-id=\"714b1649\" data-element_type=\"widget\" data-e-type=\"widget\" data-settings=\"{&quot;_animation&quot;:&quot;fadeInLeft&quot;}\" data-widget_type=\"heading.default\">\n\t\t\t\t\t<h2 class=\"elementor-heading-title elementor-size-default\">FROM CONSULTING\nTO THE PERFECT\nEXHIBITION SOLUTION<\/h2>\t\t\t\t<\/div>\n\t\t\t\t<\/div>\n\t\t<div class=\"elementor-element elementor-element-6c60c604 e-con-full e-flex e-con e-child\" data-id=\"6c60c604\" data-element_type=\"container\" data-e-type=\"container\">\n\t\t\t\t<div class=\"elementor-element elementor-element-7ece54eb elementor-invisible elementor-widget elementor-widget-text-editor\" data-id=\"7ece54eb\" data-element_type=\"widget\" data-e-type=\"widget\" data-settings=\"{&quot;_animation&quot;:&quot;fadeInRight&quot;}\" data-widget_type=\"text-editor.default\">\n\t\t\t\t\t\t\t\t\t<p>Every single project is a very special and unique task for us. You benefit from the support of a dedicated contact person who coordinates all steps and workflows from the briefing discussion up to implementation.<\/p>\t\t\t\t\t\t\t\t<\/div>\n\t\t\t\t<\/div>\n\t\t\t\t\t<\/div>\n\t\t\t\t<\/div>\n\t\t<div class=\"elementor-element elementor-element-134d228a e-flex e-con-boxed e-con e-parent\" data-id=\"134d228a\" data-element_type=\"container\" data-e-type=\"container\">\n\t\t\t\t\t<div class=\"e-con-inner\">\n\t\t<div class=\"elementor-element elementor-element-471664cf e-con-full e-flex e-con e-child\" data-id=\"471664cf\" data-element_type=\"container\" data-e-type=\"container\">\n\t\t\t\t<div class=\"elementor-element elementor-element-7bc38e11 animated-slow elementor-position-top elementor-invisible elementor-widget elementor-widget-image-box\" data-id=\"7bc38e11\" data-element_type=\"widget\" data-e-type=\"widget\" data-settings=\"{&quot;_animation&quot;:&quot;fadeIn&quot;}\" data-widget_type=\"image-box.default\">\n\t\t\t\t\t<div class=\"elementor-image-box-wrapper\"><figure class=\"elementor-image-box-img\"><img fetchpriority=\"high\" decoding=\"async\" width=\"325\" height=\"325\" src=\"https:\/\/bestmann.com\/wp-content\/uploads\/2023\/11\/Beratung.gif\" class=\"attachment-full size-full wp-image-126\" alt=\"\" \/><\/figure><div class=\"elementor-image-box-content\"><h3 class=\"elementor-image-box-title\">CONSULTING<\/h3><\/div><\/div>\t\t\t\t<\/div>\n\t\t\t\t<\/div>\n\t\t<div class=\"elementor-element elementor-element-4f374cf e-con-full e-flex e-con e-child\" data-id=\"4f374cf\" data-element_type=\"container\" data-e-type=\"container\">\n\t\t\t\t<div class=\"elementor-element elementor-element-190d852e elementor-position-top elementor-invisible elementor-widget elementor-widget-image-box\" data-id=\"190d852e\" data-element_type=\"widget\" data-e-type=\"widget\" data-settings=\"{&quot;_animation&quot;:&quot;fadeIn&quot;,&quot;_animation_delay&quot;:100}\" data-widget_type=\"image-box.default\">\n\t\t\t\t\t<div class=\"elementor-image-box-wrapper\"><figure class=\"elementor-image-box-img\"><img decoding=\"async\" width=\"325\" height=\"325\" src=\"https:\/\/bestmann.com\/wp-content\/uploads\/2023\/11\/Idee.gif\" class=\"attachment-full size-full wp-image-127\" alt=\"\" \/><\/figure><div class=\"elementor-image-box-content\"><h3 class=\"elementor-image-box-title\">IDEA<\/h3><\/div><\/div>\t\t\t\t<\/div>\n\t\t\t\t<\/div>\n\t\t<div class=\"elementor-element elementor-element-30f6cecd e-con-full e-flex e-con e-child\" data-id=\"30f6cecd\" data-element_type=\"container\" data-e-type=\"container\">\n\t\t\t\t<div class=\"elementor-element elementor-element-52fcbc4d elementor-position-top elementor-invisible elementor-widget elementor-widget-image-box\" data-id=\"52fcbc4d\" data-element_type=\"widget\" data-e-type=\"widget\" data-settings=\"{&quot;_animation&quot;:&quot;fadeIn&quot;,&quot;_animation_delay&quot;:200}\" data-widget_type=\"image-box.default\">\n\t\t\t\t\t<div class=\"elementor-image-box-wrapper\"><figure class=\"elementor-image-box-img\"><img decoding=\"async\" width=\"325\" height=\"325\" src=\"https:\/\/bestmann.com\/wp-content\/uploads\/2023\/11\/Planung.gif\" class=\"attachment-full size-full wp-image-128\" alt=\"\" \/><\/figure><div class=\"elementor-image-box-content\"><h3 class=\"elementor-image-box-title\">PLANNING<\/h3><\/div><\/div>\t\t\t\t<\/div>\n\t\t\t\t<\/div>\n\t\t<div class=\"elementor-element elementor-element-6abeb4b9 e-con-full e-flex e-con e-child\" data-id=\"6abeb4b9\" data-element_type=\"container\" data-e-type=\"container\">\n\t\t\t\t<div class=\"elementor-element elementor-element-e00f432 elementor-position-top elementor-invisible elementor-widget elementor-widget-image-box\" data-id=\"e00f432\" data-element_type=\"widget\" data-e-type=\"widget\" data-settings=\"{&quot;_animation&quot;:&quot;fadeIn&quot;,&quot;_animation_delay&quot;:300}\" data-widget_type=\"image-box.default\">\n\t\t\t\t\t<div class=\"elementor-image-box-wrapper\"><figure class=\"elementor-image-box-img\"><img loading=\"lazy\" decoding=\"async\" width=\"325\" height=\"325\" src=\"https:\/\/bestmann.com\/wp-content\/uploads\/2023\/11\/Realisierung.gif\" class=\"attachment-full size-full wp-image-129\" alt=\"\" \/><\/figure><div class=\"elementor-image-box-content\"><h3 class=\"elementor-image-box-title\">IMPLEMENTATION<\/h3><\/div><\/div>\t\t\t\t<\/div>\n\t\t\t\t<\/div>\n\t\t\t\t\t<\/div>\n\t\t\t\t<\/div>\n\t\t<div class=\"elementor-element elementor-element-567d9228 e-flex e-con-boxed elementor-invisible e-con e-parent\" data-id=\"567d9228\" data-element_type=\"container\" data-e-type=\"container\" data-settings=\"{&quot;animation&quot;:&quot;fadeIn&quot;}\">\n\t\t\t\t\t<div class=\"e-con-inner\">\n\t\t<div class=\"elementor-element elementor-element-602fb23 e-con-full e-flex e-con e-child\" data-id=\"602fb23\" data-element_type=\"container\" data-e-type=\"container\">\n\t\t\t\t<div class=\"elementor-element elementor-element-2a24b0ce elementor-widget elementor-widget-heading\" data-id=\"2a24b0ce\" data-element_type=\"widget\" data-e-type=\"widget\" data-widget_type=\"heading.default\">\n\t\t\t\t\t<h2 class=\"elementor-heading-title elementor-size-default\">PERFECTION WITH A CLEAR LINE<\/h2>\t\t\t\t<\/div>\n\t\t\t\t<div class=\"elementor-element elementor-element-c343882 elementor-widget elementor-widget-heading\" data-id=\"c343882\" data-element_type=\"widget\" data-e-type=\"widget\" data-widget_type=\"heading.default\">\n\t\t\t\t\t<h2 class=\"elementor-heading-title elementor-size-default\">WE MAKE YOUR GOALS OUR GOALS \u2013 UNDERSTANDING EXACTLY WHAT THEY MEAN\nIS THE FOUNDATION OF OUR COOPERATION!<\/h2>\t\t\t\t<\/div>\n\t\t\t\t<\/div>\n\t\t\t\t\t<\/div>\n\t\t\t\t<\/div>\n\t\t<div class=\"elementor-element elementor-element-1a74207 e-flex e-con-boxed elementor-invisible e-con e-parent\" data-id=\"1a74207\" data-element_type=\"container\" data-e-type=\"container\" data-settings=\"{&quot;animation&quot;:&quot;fadeIn&quot;}\">\n\t\t\t\t\t<div class=\"e-con-inner\">\n\t\t<div class=\"elementor-element elementor-element-6c5f1d7 e-con-full e-flex e-con e-child\" data-id=\"6c5f1d7\" data-element_type=\"container\" data-e-type=\"container\">\n\t\t\t\t<div class=\"elementor-element elementor-element-72dcd16f elementor-widget elementor-widget-text-editor\" data-id=\"72dcd16f\" data-element_type=\"widget\" data-e-type=\"widget\" data-widget_type=\"text-editor.default\">\n\t\t\t\t\t\t\t\t\t<p>Whether exhibition stand, congress, event or exhibition construction \u2013 every project is as unique as the people behind it. This is why it is important for us to get to know you personally. This way, we acquire first-hand insights into your business, your offering and your objectives. Together we will discuss the exhibition program, your ideas, the budget and the time frame. We examine the technical guidelines and regulations of the trade fair companies and start the creative planning process on the basis of these requirements. If desired, we would also be happy to assist you with all technical orders.<\/p><p><strong>How can we assist you with your project?<\/strong><\/p>\t\t\t\t\t\t\t\t<\/div>\n\t\t\t\t<\/div>\n\t\t<div class=\"elementor-element elementor-element-c97cf2f e-con-full elementor-hidden-tablet elementor-hidden-mobile e-flex e-con e-child\" data-id=\"c97cf2f\" data-element_type=\"container\" data-e-type=\"container\">\n\t\t\t\t<\/div>\n\t\t\t\t\t<\/div>\n\t\t\t\t<\/div>\n\t\t<div class=\"elementor-element elementor-element-57216966 e-flex e-con-boxed e-con e-parent\" data-id=\"57216966\" data-element_type=\"container\" data-e-type=\"container\" data-settings=\"{&quot;background_background&quot;:&quot;classic&quot;}\">\n\t\t\t\t\t<div class=\"e-con-inner\">\n\t\t\t\t<div data-ra-url=\"https:\/\/bestmann.com\/leistungen\/messebau\/\" data-ra-target=\"_self\" class=\"ra-clickable-wrapper elementor-element elementor-element-4d416e51 elementor-invisible elementor-widget elementor-widget-heading\" style=\"cursor:pointer;\" data-id=\"4d416e51\" data-element_type=\"widget\" data-e-type=\"widget\" data-settings=\"{&quot;_animation&quot;:&quot;fadeInRight&quot;}\" data-widget_type=\"heading.default\">\n\t\t\t\t\t<h2 class=\"elementor-heading-title elementor-size-default\">TRADE FAIR CONSTRUCTION<\/h2>\t\t\t\t<\/div>\n\t\t\t\t\t<\/div>\n\t\t\t\t<\/div>\n\t\t<div class=\"elementor-element elementor-element-20c85f3f e-flex e-con-boxed e-con e-parent\" data-id=\"20c85f3f\" data-element_type=\"container\" data-e-type=\"container\" data-settings=\"{&quot;background_background&quot;:&quot;classic&quot;}\">\n\t\t\t\t\t<div class=\"e-con-inner\">\n\t\t\t\t<div data-ra-url=\"https:\/\/bestmann.com\/leistungen\/kongresse-und-events\/\" data-ra-target=\"_self\" class=\"ra-clickable-wrapper elementor-element elementor-element-6fa6b5b1 elementor-invisible elementor-widget elementor-widget-heading\" style=\"cursor:pointer;\" data-id=\"6fa6b5b1\" data-element_type=\"widget\" data-e-type=\"widget\" data-settings=\"{&quot;_animation&quot;:&quot;fadeInRight&quot;}\" data-widget_type=\"heading.default\">\n\t\t\t\t\t<h2 class=\"elementor-heading-title elementor-size-default\">CONGRESSES &amp; EVENTS<\/h2>\t\t\t\t<\/div>\n\t\t\t\t\t<\/div>\n\t\t\t\t<\/div>\n\t\t<div class=\"elementor-element elementor-element-53ac95b6 e-flex e-con-boxed e-con e-parent\" data-id=\"53ac95b6\" data-element_type=\"container\" data-e-type=\"container\" data-settings=\"{&quot;background_background&quot;:&quot;classic&quot;}\">\n\t\t\t\t\t<div class=\"e-con-inner\">\n\t\t\t\t<div data-ra-url=\"https:\/\/bestmann.com\/leistungen\/ausstellungsbau\/\" data-ra-target=\"_self\" class=\"ra-clickable-wrapper elementor-element elementor-element-182ff78f elementor-invisible elementor-widget elementor-widget-heading\" style=\"cursor:pointer;\" data-id=\"182ff78f\" data-element_type=\"widget\" data-e-type=\"widget\" data-settings=\"{&quot;_animation&quot;:&quot;fadeInRight&quot;}\" data-widget_type=\"heading.default\">\n\t\t\t\t\t<h2 class=\"elementor-heading-title elementor-size-default\">EXHIBITION STAND CONSTRUCTION<\/h2>\t\t\t\t<\/div>\n\t\t\t\t\t<\/div>\n\t\t\t\t<\/div>\n\t\t<div class=\"elementor-element elementor-element-106dbc93 e-flex e-con-boxed e-con e-parent\" data-id=\"106dbc93\" data-element_type=\"container\" data-e-type=\"container\" data-settings=\"{&quot;background_background&quot;:&quot;classic&quot;}\">\n\t\t\t\t\t<div class=\"e-con-inner\">\n\t\t\t\t<div data-ra-url=\"https:\/\/bestmann.com\/leistungen\/sonderloesungen\/\" data-ra-target=\"_self\" class=\"ra-clickable-wrapper elementor-element elementor-element-3f6f170c elementor-invisible elementor-widget elementor-widget-heading\" style=\"cursor:pointer;\" data-id=\"3f6f170c\" data-element_type=\"widget\" data-e-type=\"widget\" data-settings=\"{&quot;_animation&quot;:&quot;fadeInRight&quot;}\" data-widget_type=\"heading.default\">\n\t\t\t\t\t<h2 class=\"elementor-heading-title elementor-size-default\">SPECIAL SOLUTIONS<\/h2>\t\t\t\t<\/div>\n\t\t\t\t\t<\/div>\n\t\t\t\t<\/div>\n\t\t\t\t<\/div>","protected":false},"excerpt":{"rendered":"<p>OB MESSESTAND, KONGRESSAUSSTATTUNG ODER AUSSTELLUNGSBAUTEN \u2013 WIR SIND F\u00dcR SIE DA! VON DER BERATUNG BIS ZUR PERFEKTEN RAUML\u00d6SUNG Jedes einzelne Projekt ist f\u00fcr uns eine ganz individuelle Aufgabe. Ein zentraler Ansprechpartner steht Ihnen vom Briefinggespr\u00e4ch bis zur Realisierung zur Seite und koordiniert alle Schritte und Arbeitsabl\u00e4ufe. Beratung Idee Planung Realisierung PERFEKTION MIT KLARER LINIE WIR [&hellip;]<\/p>\n","protected":false},"author":1,"featured_media":0,"parent":0,"menu_order":0,"comment_status":"closed","ping_status":"closed","template":"","meta":{"_acf_changed":false,"footnotes":""},"class_list":["post-35","page","type-page","status-publish","hentry","wpbf-post"],"acf":[],"_links":{"self":[{"href":"https:\/\/bestmann.com\/en\/wp-json\/wp\/v2\/pages\/35","targetHints":{"allow":["GET"]}}],"collection":[{"href":"https:\/\/bestmann.com\/en\/wp-json\/wp\/v2\/pages"}],"about":[{"href":"https:\/\/bestmann.com\/en\/wp-json\/wp\/v2\/types\/page"}],"author":[{"embeddable":true,"href":"https:\/\/bestmann.com\/en\/wp-json\/wp\/v2\/users\/1"}],"replies":[{"embeddable":true,"href":"https:\/\/bestmann.com\/en\/wp-json\/wp\/v2\/comments?post=35"}],"version-history":[{"count":0,"href":"https:\/\/bestmann.com\/en\/wp-json\/wp\/v2\/pages\/35\/revisions"}],"wp:attachment":[{"href":"https:\/\/bestmann.com\/en\/wp-json\/wp\/v2\/media?parent=35"}],"curies":[{"name":"wp","href":"https:\/\/api.w.org\/{rel}","templated":true}]}}