{"id":37,"date":"2023-11-08T15:39:04","date_gmt":"2023-11-08T14:39:04","guid":{"rendered":"https:\/\/kranzhost.de\/bestmann2023\/?page_id=37"},"modified":"2025-02-18T14:48:23","modified_gmt":"2025-02-18T13:48:23","slug":"messebau","status":"publish","type":"page","link":"https:\/\/bestmann.com\/en\/leistungen\/messebau\/","title":{"rendered":"TRADE FAIR CONSTRUCTION"},"content":{"rendered":"<div data-elementor-type=\"wp-page\" data-elementor-id=\"37\" class=\"elementor elementor-37\" data-elementor-post-type=\"page\">\n\t\t\t\t<div class=\"elementor-element elementor-element-fff24f8 e-con-full e-flex e-con e-parent\" data-id=\"fff24f8\" data-element_type=\"container\" data-e-type=\"container\">\n\t\t\t\t<div class=\"elementor-element elementor-element-58f4cec elementor-widget elementor-widget-shortcode\" data-id=\"58f4cec\" data-element_type=\"widget\" data-e-type=\"widget\" data-widget_type=\"shortcode.default\">\n\t\t\t\t\t\t\t<div class=\"elementor-shortcode\"><\/div>\n\t\t\t\t\t\t<\/div>\n\t\t\t\t<\/div>\n\t\t<div class=\"elementor-element elementor-element-83ea944 e-flex e-con-boxed e-con e-parent\" data-id=\"83ea944\" data-element_type=\"container\" data-e-type=\"container\" data-settings=\"{&quot;background_background&quot;:&quot;classic&quot;}\">\n\t\t\t\t\t<div class=\"e-con-inner\">\n\t\t<div class=\"elementor-element elementor-element-2dc44b9 e-con-full elementor-hidden-mobile e-flex e-con e-child\" data-id=\"2dc44b9\" data-element_type=\"container\" data-e-type=\"container\">\n\t\t\t\t<\/div>\n\t\t<div class=\"elementor-element elementor-element-f50bf41 e-con-full animated-slow e-flex elementor-invisible e-con e-child\" data-id=\"f50bf41\" data-element_type=\"container\" data-e-type=\"container\" data-settings=\"{&quot;animation&quot;:&quot;fadeIn&quot;}\">\n\t\t\t\t<div class=\"elementor-element elementor-element-b5c9fb8 elementor-widget elementor-widget-heading\" data-id=\"b5c9fb8\" data-element_type=\"widget\" data-e-type=\"widget\" data-widget_type=\"heading.default\">\n\t\t\t\t\t<h1 class=\"elementor-heading-title elementor-size-default\">TRADE FAIR CONSTRUCTION<\/h1>\t\t\t\t<\/div>\n\t\t\t\t<div class=\"elementor-element elementor-element-553dfc2 elementor-widget elementor-widget-text-editor\" data-id=\"553dfc2\" data-element_type=\"widget\" data-e-type=\"widget\" data-widget_type=\"text-editor.default\">\n\t\t\t\t\t\t\t\t\t<div id=\"\" class=\"x-text cs-ta-justify\"><p>Trade fairs give you the opportunity to turn your offering into a tangible experience. No other marketing instrument enables you to communicate in such an intensive and sustainably impressive manner.<br \/>Schon seit 1970 gestalten, planen und realisieren wir Messest\u00e4nde \u2013 quer durch alle Branchen, f\u00fcr alle Arten von Unternehmen, in s\u00e4mtlichen Bauweisen und \u00fcberall auf der Welt.<\/p><\/div><div id=\"\" class=\"x-text cs-ta-justify\"><p>We have been designing, planning and implementing trade fair stands since 1970 \u2013 across all industries, for all types of companies, in all construction methods and all over the world.\n<br>\nWe offer you full service from A to Z. Of course, we are also available to you for support in individual trades.<\/p><\/div>\t\t\t\t\t\t\t\t<\/div>\n\t\t\t\t<div class=\"elementor-element elementor-element-10ce6e5 elementor-widget elementor-widget-button\" data-id=\"10ce6e5\" data-element_type=\"widget\" data-e-type=\"widget\" data-widget_type=\"button.default\">\n\t\t\t\t\t\t\t\t\t\t<a class=\"elementor-button elementor-button-link elementor-size-sm\" href=\"https:\/\/bestmann.com\/en\/kontakt\/\">\n\t\t\t\t\t\t<span class=\"elementor-button-content-wrapper\">\n\t\t\t\t\t\t\t\t\t<span class=\"elementor-button-text\">Contact us<\/span>\n\t\t\t\t\t<\/span>\n\t\t\t\t\t<\/a>\n\t\t\t\t\t\t\t\t<\/div>\n\t\t\t\t<\/div>\n\t\t\t\t\t<\/div>\n\t\t\t\t<\/div>\n\t\t<div class=\"elementor-element elementor-element-4f36931 e-flex e-con-boxed e-con e-parent\" data-id=\"4f36931\" data-element_type=\"container\" data-e-type=\"container\" data-settings=\"{&quot;background_background&quot;:&quot;classic&quot;}\">\n\t\t\t\t\t<div class=\"e-con-inner\">\n\t\t<div class=\"elementor-element elementor-element-4a05238 e-con-full e-flex elementor-invisible e-con e-child\" data-id=\"4a05238\" data-element_type=\"container\" data-e-type=\"container\" data-settings=\"{&quot;animation&quot;:&quot;fadeIn&quot;}\">\n\t\t\t\t<div class=\"elementor-element elementor-element-d1bc2ba elementor-widget elementor-widget-image\" data-id=\"d1bc2ba\" data-element_type=\"widget\" data-e-type=\"widget\" data-widget_type=\"image.default\">\n\t\t\t\t\t\t\t\t\t\t\t\t\t\t\t<img fetchpriority=\"high\" decoding=\"async\" width=\"676\" height=\"676\" src=\"https:\/\/bestmann.com\/wp-content\/uploads\/2023\/11\/DSC_8307a.jpeg\" class=\"attachment-large size-large wp-image-288\" alt=\"\" srcset=\"https:\/\/bestmann.com\/wp-content\/uploads\/2023\/11\/DSC_8307a.jpeg 676w, https:\/\/bestmann.com\/wp-content\/uploads\/2023\/11\/DSC_8307a-300x300.jpeg 300w, https:\/\/bestmann.com\/wp-content\/uploads\/2023\/11\/DSC_8307a-150x150.jpeg 150w\" sizes=\"(max-width: 676px) 100vw, 676px\" \/>\t\t\t\t\t\t\t\t\t\t\t\t\t\t\t<\/div>\n\t\t\t\t<\/div>\n\t\t<div class=\"elementor-element elementor-element-8167083 e-con-full e-flex elementor-invisible e-con e-child\" data-id=\"8167083\" data-element_type=\"container\" data-e-type=\"container\" data-settings=\"{&quot;animation&quot;:&quot;fadeInRight&quot;}\">\n\t\t\t\t<div class=\"elementor-element elementor-element-a9185e3 elementor-widget elementor-widget-heading\" data-id=\"a9185e3\" data-element_type=\"widget\" data-e-type=\"widget\" data-widget_type=\"heading.default\">\n\t\t\t\t\t<h2 class=\"elementor-heading-title elementor-size-default\">TRADE FAIR ARCHITECTURE<\/h2>\t\t\t\t<\/div>\n\t\t\t\t<div class=\"elementor-element elementor-element-b830604 elementor-widget elementor-widget-text-editor\" data-id=\"b830604\" data-element_type=\"widget\" data-e-type=\"widget\" data-widget_type=\"text-editor.default\">\n\t\t\t\t\t\t\t\t\t<p>Our interior designers develop design solutions that are precisely tailored to your needs: In system and\/or individual construction, single or multi-storey, on a rental or purchase basis, designed by us individually for you or planned according to your specifications. We adapt the design to the corporate design of your company and select the stylistic elements accordingly. These include, for instance, colors, lighting, graphics and lettering, furniture, fabrics and decorations.<\/p>\t\t\t\t\t\t\t\t<\/div>\n\t\t\t\t<\/div>\n\t\t\t\t\t<\/div>\n\t\t\t\t<\/div>\n\t\t<div class=\"elementor-element elementor-element-1f01a53 e-flex e-con-boxed e-con e-parent\" data-id=\"1f01a53\" data-element_type=\"container\" data-e-type=\"container\" data-settings=\"{&quot;background_background&quot;:&quot;classic&quot;}\">\n\t\t\t\t\t<div class=\"e-con-inner\">\n\t\t<div class=\"elementor-element elementor-element-f5ed12a e-con-full e-flex elementor-invisible e-con e-child\" data-id=\"f5ed12a\" data-element_type=\"container\" data-e-type=\"container\" data-settings=\"{&quot;animation&quot;:&quot;fadeInLeft&quot;}\">\n\t\t\t\t<div class=\"elementor-element elementor-element-d9b9c81 elementor-widget elementor-widget-heading\" data-id=\"d9b9c81\" data-element_type=\"widget\" data-e-type=\"widget\" data-widget_type=\"heading.default\">\n\t\t\t\t\t<h2 class=\"elementor-heading-title elementor-size-default\">PRODUCTION<\/h2>\t\t\t\t<\/div>\n\t\t\t\t<div class=\"elementor-element elementor-element-65100c9 elementor-widget elementor-widget-text-editor\" data-id=\"65100c9\" data-element_type=\"widget\" data-e-type=\"widget\" data-widget_type=\"text-editor.default\">\n\t\t\t\t\t\t\t\t\t<p>On the basis of detailed plans, elevation drawings, documentation and parts lists, we produce the stand construction materials, graphic, decorative and presentation elements in our own studios and workshops or commission them for you from specialist companies. Our project managers supervise the production processes in the individual production stages as well as the preparation for transport.<\/p>\t\t\t\t\t\t\t\t<\/div>\n\t\t\t\t<\/div>\n\t\t<div class=\"elementor-element elementor-element-8074203 e-con-full e-flex elementor-invisible e-con e-child\" data-id=\"8074203\" data-element_type=\"container\" data-e-type=\"container\" data-settings=\"{&quot;animation&quot;:&quot;fadeIn&quot;}\">\n\t\t\t\t<div class=\"elementor-element elementor-element-23970f7 elementor-widget elementor-widget-image\" data-id=\"23970f7\" data-element_type=\"widget\" data-e-type=\"widget\" data-widget_type=\"image.default\">\n\t\t\t\t\t\t\t\t\t\t\t\t\t\t\t<img decoding=\"async\" width=\"875\" height=\"843\" src=\"https:\/\/bestmann.com\/wp-content\/uploads\/2023\/11\/DSC_7988ab-1.jpg\" class=\"attachment-large size-large wp-image-290\" alt=\"\" srcset=\"https:\/\/bestmann.com\/wp-content\/uploads\/2023\/11\/DSC_7988ab-1.jpg 875w, https:\/\/bestmann.com\/wp-content\/uploads\/2023\/11\/DSC_7988ab-1-300x289.jpg 300w, https:\/\/bestmann.com\/wp-content\/uploads\/2023\/11\/DSC_7988ab-1-768x740.jpg 768w\" sizes=\"(max-width: 875px) 100vw, 875px\" \/>\t\t\t\t\t\t\t\t\t\t\t\t\t\t\t<\/div>\n\t\t\t\t<\/div>\n\t\t\t\t\t<\/div>\n\t\t\t\t<\/div>\n\t\t<div class=\"elementor-element elementor-element-170a109 e-flex e-con-boxed e-con e-parent\" data-id=\"170a109\" data-element_type=\"container\" data-e-type=\"container\" data-settings=\"{&quot;background_background&quot;:&quot;classic&quot;}\">\n\t\t\t\t\t<div class=\"e-con-inner\">\n\t\t<div class=\"elementor-element elementor-element-21d7a09 e-con-full e-flex elementor-invisible e-con e-child\" data-id=\"21d7a09\" data-element_type=\"container\" data-e-type=\"container\" data-settings=\"{&quot;animation&quot;:&quot;fadeIn&quot;}\">\n\t\t\t\t<div class=\"elementor-element elementor-element-a072b72 elementor-widget elementor-widget-image\" data-id=\"a072b72\" data-element_type=\"widget\" data-e-type=\"widget\" data-widget_type=\"image.default\">\n\t\t\t\t\t\t\t\t\t\t\t\t\t\t\t<img decoding=\"async\" width=\"800\" height=\"800\" src=\"https:\/\/bestmann.com\/wp-content\/uploads\/2023\/11\/Grafik-Druck.jpg\" class=\"attachment-large size-large wp-image-291\" alt=\"\" srcset=\"https:\/\/bestmann.com\/wp-content\/uploads\/2023\/11\/Grafik-Druck.jpg 800w, https:\/\/bestmann.com\/wp-content\/uploads\/2023\/11\/Grafik-Druck-300x300.jpg 300w, https:\/\/bestmann.com\/wp-content\/uploads\/2023\/11\/Grafik-Druck-150x150.jpg 150w, https:\/\/bestmann.com\/wp-content\/uploads\/2023\/11\/Grafik-Druck-768x768.jpg 768w\" sizes=\"(max-width: 800px) 100vw, 800px\" \/>\t\t\t\t\t\t\t\t\t\t\t\t\t\t\t<\/div>\n\t\t\t\t<\/div>\n\t\t<div class=\"elementor-element elementor-element-0534410 e-con-full e-flex elementor-invisible e-con e-child\" data-id=\"0534410\" data-element_type=\"container\" data-e-type=\"container\" data-settings=\"{&quot;animation&quot;:&quot;fadeInRight&quot;}\">\n\t\t\t\t<div class=\"elementor-element elementor-element-38d5873 elementor-widget elementor-widget-heading\" data-id=\"38d5873\" data-element_type=\"widget\" data-e-type=\"widget\" data-widget_type=\"heading.default\">\n\t\t\t\t\t<h2 class=\"elementor-heading-title elementor-size-default\">GRAFIK &amp; DRUCK<\/h2>\t\t\t\t<\/div>\n\t\t\t\t<div class=\"elementor-element elementor-element-4c4f2ee elementor-widget elementor-widget-text-editor\" data-id=\"4c4f2ee\" data-element_type=\"widget\" data-e-type=\"widget\" data-widget_type=\"text-editor.default\">\n\t\t\t\t\t\t\t\t\t<p>Fast response times, flexibility and adherence to schedules are essential success criteria for BESTMANN MESSEBAU INTERNATIONAL. Experience has shown that \u201cprint\u201d can quickly become a critical time factor \u2013 especially when changes are made at short notice. In order to provide our customers with the best possible service, we operate an in-house print shop in which two permanently employed advertising technicians produce all kinds of wall designs based exactly on your corporate design specifications.<\/p>\t\t\t\t\t\t\t\t<\/div>\n\t\t\t\t<\/div>\n\t\t\t\t\t<\/div>\n\t\t\t\t<\/div>\n\t\t<div class=\"elementor-element elementor-element-8b4be6f e-flex e-con-boxed e-con e-parent\" data-id=\"8b4be6f\" data-element_type=\"container\" data-e-type=\"container\" data-settings=\"{&quot;background_background&quot;:&quot;classic&quot;}\">\n\t\t\t\t\t<div class=\"e-con-inner\">\n\t\t<div class=\"elementor-element elementor-element-af71f0d e-con-full e-flex elementor-invisible e-con e-child\" data-id=\"af71f0d\" data-element_type=\"container\" data-e-type=\"container\" data-settings=\"{&quot;animation&quot;:&quot;fadeInLeft&quot;}\">\n\t\t\t\t<div class=\"elementor-element elementor-element-524f90e elementor-widget elementor-widget-heading\" data-id=\"524f90e\" data-element_type=\"widget\" data-e-type=\"widget\" data-widget_type=\"heading.default\">\n\t\t\t\t\t<h2 class=\"elementor-heading-title elementor-size-default\">ASSEMBLY<\/h2>\t\t\t\t<\/div>\n\t\t\t\t<div class=\"elementor-element elementor-element-e1840e3 elementor-widget elementor-widget-text-editor\" data-id=\"e1840e3\" data-element_type=\"widget\" data-e-type=\"widget\" data-widget_type=\"text-editor.default\">\n\t\t\t\t\t\t\t\t\t<p>At the fair, the planning is then put into practice. Our project manager puts together the necessary assembly teams and organizations the individual assembly phases \u2013 from the floor, frame and ceiling constructions, cabin design, furniture and technical equipment to graphic design and decorations. He or she clarifies the technical acceptances on site, monitors the execution according to the agreed specifications and is your contact until the stand is handed over.<\/p>\t\t\t\t\t\t\t\t<\/div>\n\t\t\t\t<\/div>\n\t\t<div class=\"elementor-element elementor-element-efd440b e-con-full e-flex elementor-invisible e-con e-child\" data-id=\"efd440b\" data-element_type=\"container\" data-e-type=\"container\" data-settings=\"{&quot;animation&quot;:&quot;fadeIn&quot;}\">\n\t\t\t\t<div class=\"elementor-element elementor-element-03f0721 elementor-widget elementor-widget-image\" data-id=\"03f0721\" data-element_type=\"widget\" data-e-type=\"widget\" data-widget_type=\"image.default\">\n\t\t\t\t\t\t\t\t\t\t\t\t\t\t\t<img loading=\"lazy\" decoding=\"async\" width=\"1024\" height=\"878\" src=\"https:\/\/bestmann.com\/wp-content\/uploads\/2023\/11\/DSC_7973a-1024x878.jpg\" class=\"attachment-large size-large wp-image-289\" alt=\"\" srcset=\"https:\/\/bestmann.com\/wp-content\/uploads\/2023\/11\/DSC_7973a-1024x878.jpg 1024w, https:\/\/bestmann.com\/wp-content\/uploads\/2023\/11\/DSC_7973a-300x257.jpg 300w, https:\/\/bestmann.com\/wp-content\/uploads\/2023\/11\/DSC_7973a-768x659.jpg 768w, https:\/\/bestmann.com\/wp-content\/uploads\/2023\/11\/DSC_7973a.jpg 1400w\" sizes=\"(max-width: 1024px) 100vw, 1024px\" \/>\t\t\t\t\t\t\t\t\t\t\t\t\t\t\t<\/div>\n\t\t\t\t<\/div>\n\t\t\t\t\t<\/div>\n\t\t\t\t<\/div>\n\t\t<div class=\"elementor-element elementor-element-38a08a4 e-flex e-con-boxed e-con e-parent\" data-id=\"38a08a4\" data-element_type=\"container\" data-e-type=\"container\" data-settings=\"{&quot;background_background&quot;:&quot;classic&quot;}\">\n\t\t\t\t\t<div class=\"e-con-inner\">\n\t\t<div class=\"elementor-element elementor-element-9baeed4 e-con-full e-flex elementor-invisible e-con e-child\" data-id=\"9baeed4\" data-element_type=\"container\" data-e-type=\"container\" data-settings=\"{&quot;animation&quot;:&quot;fadeIn&quot;}\">\n\t\t\t\t<div class=\"elementor-element elementor-element-229a370 elementor-widget elementor-widget-image\" data-id=\"229a370\" data-element_type=\"widget\" data-e-type=\"widget\" data-widget_type=\"image.default\">\n\t\t\t\t\t\t\t\t\t\t\t\t\t\t\t<img loading=\"lazy\" decoding=\"async\" width=\"517\" height=\"517\" src=\"https:\/\/bestmann.com\/wp-content\/uploads\/2023\/11\/Logistik.jpg\" class=\"attachment-large size-large wp-image-292\" alt=\"\" srcset=\"https:\/\/bestmann.com\/wp-content\/uploads\/2023\/11\/Logistik.jpg 517w, https:\/\/bestmann.com\/wp-content\/uploads\/2023\/11\/Logistik-300x300.jpg 300w, https:\/\/bestmann.com\/wp-content\/uploads\/2023\/11\/Logistik-150x150.jpg 150w\" sizes=\"(max-width: 517px) 100vw, 517px\" \/>\t\t\t\t\t\t\t\t\t\t\t\t\t\t\t<\/div>\n\t\t\t\t<\/div>\n\t\t<div class=\"elementor-element elementor-element-7a72d98 e-con-full e-flex elementor-invisible e-con e-child\" data-id=\"7a72d98\" data-element_type=\"container\" data-e-type=\"container\" data-settings=\"{&quot;animation&quot;:&quot;fadeInRight&quot;}\">\n\t\t\t\t<div class=\"elementor-element elementor-element-209efcf elementor-widget elementor-widget-heading\" data-id=\"209efcf\" data-element_type=\"widget\" data-e-type=\"widget\" data-widget_type=\"heading.default\">\n\t\t\t\t\t<h2 class=\"elementor-heading-title elementor-size-default\">LAGER &amp; LOGISTIK<\/h2>\t\t\t\t<\/div>\n\t\t\t\t<div class=\"elementor-element elementor-element-3e1c74c elementor-widget elementor-widget-text-editor\" data-id=\"3e1c74c\" data-element_type=\"widget\" data-e-type=\"widget\" data-widget_type=\"text-editor.default\">\n\t\t\t\t\t\t\t\t\t<p>We make sure that the stand construction material and all equipment elements are in impeccable quality and in the right place at the right time. Once the trade fair is over, we repackage, transport and store the stand construction and presentation materials and offer our customers this service for their own materials as well.<\/p>\t\t\t\t\t\t\t\t<\/div>\n\t\t\t\t<\/div>\n\t\t\t\t\t<\/div>\n\t\t\t\t<\/div>\n\t\t\t\t<\/div>","protected":false},"excerpt":{"rendered":"<p>MESSEBAU Auf Messen machen Sie Ihr Angebot erlebbar. Kein anderes Marketinginstrument erm\u00f6glicht Ihnen eine derart intensive und nachhaltig beeindruckende Art der Kommunikation.Schon seit 1970 gestalten, planen und realisieren wir Messest\u00e4nde \u2013 quer durch alle Branchen, f\u00fcr alle Arten von Unternehmen, in s\u00e4mtlichen Bauweisen und \u00fcberall auf der Welt. Dabei bieten wir Ihnen Full-Service von A [&hellip;]<\/p>\n","protected":false},"author":1,"featured_media":0,"parent":35,"menu_order":0,"comment_status":"closed","ping_status":"closed","template":"","meta":{"_acf_changed":false,"footnotes":""},"class_list":["post-37","page","type-page","status-publish","hentry","wpbf-post"],"acf":[],"_links":{"self":[{"href":"https:\/\/bestmann.com\/en\/wp-json\/wp\/v2\/pages\/37","targetHints":{"allow":["GET"]}}],"collection":[{"href":"https:\/\/bestmann.com\/en\/wp-json\/wp\/v2\/pages"}],"about":[{"href":"https:\/\/bestmann.com\/en\/wp-json\/wp\/v2\/types\/page"}],"author":[{"embeddable":true,"href":"https:\/\/bestmann.com\/en\/wp-json\/wp\/v2\/users\/1"}],"replies":[{"embeddable":true,"href":"https:\/\/bestmann.com\/en\/wp-json\/wp\/v2\/comments?post=37"}],"version-history":[{"count":0,"href":"https:\/\/bestmann.com\/en\/wp-json\/wp\/v2\/pages\/37\/revisions"}],"up":[{"embeddable":true,"href":"https:\/\/bestmann.com\/en\/wp-json\/wp\/v2\/pages\/35"}],"wp:attachment":[{"href":"https:\/\/bestmann.com\/en\/wp-json\/wp\/v2\/media?parent=37"}],"curies":[{"name":"wp","href":"https:\/\/api.w.org\/{rel}","templated":true}]}}