{"id":39,"date":"2023-11-08T15:39:13","date_gmt":"2023-11-08T14:39:13","guid":{"rendered":"https:\/\/kranzhost.de\/bestmann2023\/?page_id=39"},"modified":"2025-02-18T14:51:35","modified_gmt":"2025-02-18T13:51:35","slug":"ausstellungsbau","status":"publish","type":"page","link":"https:\/\/bestmann.com\/en\/leistungen\/ausstellungsbau\/","title":{"rendered":"EXHIBITION STAND CONSTRUCTION"},"content":{"rendered":"<div data-elementor-type=\"wp-page\" data-elementor-id=\"39\" class=\"elementor elementor-39\" data-elementor-post-type=\"page\">\n\t\t\t\t<div class=\"elementor-element elementor-element-dbdb38a e-con-full e-flex e-con e-parent\" data-id=\"dbdb38a\" data-element_type=\"container\" data-e-type=\"container\">\n\t\t\t\t<div class=\"elementor-element elementor-element-6a45e54 elementor-widget elementor-widget-shortcode\" data-id=\"6a45e54\" data-element_type=\"widget\" data-e-type=\"widget\" data-widget_type=\"shortcode.default\">\n\t\t\t\t\t\t\t<div class=\"elementor-shortcode\"><\/div>\n\t\t\t\t\t\t<\/div>\n\t\t\t\t<\/div>\n\t\t<div class=\"elementor-element elementor-element-4372ea5 e-flex e-con-boxed e-con e-parent\" data-id=\"4372ea5\" data-element_type=\"container\" data-e-type=\"container\" data-settings=\"{&quot;background_background&quot;:&quot;classic&quot;}\">\n\t\t\t\t\t<div class=\"e-con-inner\">\n\t\t<div class=\"elementor-element elementor-element-f263256 e-con-full animated-slow e-flex elementor-invisible e-con e-child\" data-id=\"f263256\" data-element_type=\"container\" data-e-type=\"container\" data-settings=\"{&quot;animation&quot;:&quot;fadeIn&quot;}\">\n\t\t\t\t<div class=\"elementor-element elementor-element-ed08363 elementor-widget elementor-widget-heading\" data-id=\"ed08363\" data-element_type=\"widget\" data-e-type=\"widget\" data-widget_type=\"heading.default\">\n\t\t\t\t\t<h1 class=\"elementor-heading-title elementor-size-default\">EXHIBITION STAND CONSTRUCTION<\/h1>\t\t\t\t<\/div>\n\t\t\t\t<div class=\"elementor-element elementor-element-3b096a4 elementor-widget elementor-widget-text-editor\" data-id=\"3b096a4\" data-element_type=\"widget\" data-e-type=\"widget\" data-widget_type=\"text-editor.default\">\n\t\t\t\t\t\t\t\t\t<p>We develop and construct tailor-made solutions for exhibitions and presentations that are planned for a longer period of time. With our experience we also provide support for museums in the structural and technical realization of their exhibitions and create an effective presentation environment for unique exhibits.<\/p>\t\t\t\t\t\t\t\t<\/div>\n\t\t\t\t<div class=\"elementor-element elementor-element-7181cb4 elementor-widget elementor-widget-button\" data-id=\"7181cb4\" data-element_type=\"widget\" data-e-type=\"widget\" data-widget_type=\"button.default\">\n\t\t\t\t\t\t\t\t\t\t<a class=\"elementor-button elementor-button-link elementor-size-sm\" href=\"https:\/\/bestmann.com\/en\/kontakt\/\">\n\t\t\t\t\t\t<span class=\"elementor-button-content-wrapper\">\n\t\t\t\t\t\t\t\t\t<span class=\"elementor-button-text\">Contact us<\/span>\n\t\t\t\t\t<\/span>\n\t\t\t\t\t<\/a>\n\t\t\t\t\t\t\t\t<\/div>\n\t\t\t\t<\/div>\n\t\t\t\t\t<\/div>\n\t\t\t\t<\/div>\n\t\t<div class=\"elementor-element elementor-element-a9d7214 e-flex e-con-boxed e-con e-parent\" data-id=\"a9d7214\" data-element_type=\"container\" data-e-type=\"container\" data-settings=\"{&quot;background_background&quot;:&quot;classic&quot;}\">\n\t\t\t\t\t<div class=\"e-con-inner\">\n\t\t<div class=\"elementor-element elementor-element-2b1159f e-con-full e-flex elementor-invisible e-con e-child\" data-id=\"2b1159f\" data-element_type=\"container\" data-e-type=\"container\" data-settings=\"{&quot;animation&quot;:&quot;fadeIn&quot;}\">\n\t\t\t\t<div class=\"elementor-element elementor-element-3c2a1b7 elementor-widget elementor-widget-image\" data-id=\"3c2a1b7\" data-element_type=\"widget\" data-e-type=\"widget\" data-widget_type=\"image.default\">\n\t\t\t\t\t\t\t\t\t\t\t\t\t\t\t<img fetchpriority=\"high\" decoding=\"async\" width=\"1024\" height=\"683\" src=\"https:\/\/bestmann.com\/wp-content\/uploads\/2023\/11\/Museumswaende-1-1024x683.jpg\" class=\"attachment-large size-large wp-image-327\" alt=\"\" srcset=\"https:\/\/bestmann.com\/wp-content\/uploads\/2023\/11\/Museumswaende-1-1024x683.jpg 1024w, https:\/\/bestmann.com\/wp-content\/uploads\/2023\/11\/Museumswaende-1-300x200.jpg 300w, https:\/\/bestmann.com\/wp-content\/uploads\/2023\/11\/Museumswaende-1-768x512.jpg 768w, https:\/\/bestmann.com\/wp-content\/uploads\/2023\/11\/Museumswaende-1-1536x1024.jpg 1536w, https:\/\/bestmann.com\/wp-content\/uploads\/2023\/11\/Museumswaende-1-2048x1366.jpg 2048w\" sizes=\"(max-width: 1024px) 100vw, 1024px\" \/>\t\t\t\t\t\t\t\t\t\t\t\t\t\t\t<\/div>\n\t\t\t\t<div class=\"elementor-element elementor-element-9d35f86 elementor-widget elementor-widget-image\" data-id=\"9d35f86\" data-element_type=\"widget\" data-e-type=\"widget\" data-widget_type=\"image.default\">\n\t\t\t\t\t\t\t\t\t\t\t\t\t\t\t<img decoding=\"async\" width=\"1024\" height=\"683\" src=\"https:\/\/bestmann.com\/wp-content\/uploads\/2023\/11\/Museumswaende-2-1024x683.jpg\" class=\"attachment-large size-large wp-image-328\" alt=\"\" srcset=\"https:\/\/bestmann.com\/wp-content\/uploads\/2023\/11\/Museumswaende-2-1024x683.jpg 1024w, https:\/\/bestmann.com\/wp-content\/uploads\/2023\/11\/Museumswaende-2-300x200.jpg 300w, https:\/\/bestmann.com\/wp-content\/uploads\/2023\/11\/Museumswaende-2-768x512.jpg 768w, https:\/\/bestmann.com\/wp-content\/uploads\/2023\/11\/Museumswaende-2-1536x1024.jpg 1536w, https:\/\/bestmann.com\/wp-content\/uploads\/2023\/11\/Museumswaende-2-2048x1365.jpg 2048w\" sizes=\"(max-width: 1024px) 100vw, 1024px\" \/>\t\t\t\t\t\t\t\t\t\t\t\t\t\t\t<\/div>\n\t\t\t\t<div class=\"elementor-element elementor-element-085d1d7 elementor-widget elementor-widget-image\" data-id=\"085d1d7\" data-element_type=\"widget\" data-e-type=\"widget\" data-widget_type=\"image.default\">\n\t\t\t\t\t\t\t\t\t\t\t\t\t\t\t<img decoding=\"async\" width=\"1024\" height=\"683\" src=\"https:\/\/bestmann.com\/wp-content\/uploads\/2023\/11\/Museumswaende-3-1024x683.jpg\" class=\"attachment-large size-large wp-image-329\" alt=\"\" srcset=\"https:\/\/bestmann.com\/wp-content\/uploads\/2023\/11\/Museumswaende-3-1024x683.jpg 1024w, https:\/\/bestmann.com\/wp-content\/uploads\/2023\/11\/Museumswaende-3-300x200.jpg 300w, https:\/\/bestmann.com\/wp-content\/uploads\/2023\/11\/Museumswaende-3-768x512.jpg 768w, https:\/\/bestmann.com\/wp-content\/uploads\/2023\/11\/Museumswaende-3-1536x1024.jpg 1536w, https:\/\/bestmann.com\/wp-content\/uploads\/2023\/11\/Museumswaende-3-2048x1365.jpg 2048w\" sizes=\"(max-width: 1024px) 100vw, 1024px\" \/>\t\t\t\t\t\t\t\t\t\t\t\t\t\t\t<\/div>\n\t\t\t\t<\/div>\n\t\t<div class=\"elementor-element elementor-element-2ab61e7 e-con-full e-flex elementor-invisible e-con e-child\" data-id=\"2ab61e7\" data-element_type=\"container\" data-e-type=\"container\" data-settings=\"{&quot;animation&quot;:&quot;fadeInRight&quot;}\">\n\t\t\t\t<div class=\"elementor-element elementor-element-7f4da8d elementor-widget elementor-widget-heading\" data-id=\"7f4da8d\" data-element_type=\"widget\" data-e-type=\"widget\" data-widget_type=\"heading.default\">\n\t\t\t\t\t<h2 class=\"elementor-heading-title elementor-size-default\">MUSEUM WALL SYSTEMS<\/h2>\t\t\t\t<\/div>\n\t\t\t\t<div class=\"elementor-element elementor-element-532eca0 elementor-widget elementor-widget-text-editor\" data-id=\"532eca0\" data-element_type=\"widget\" data-e-type=\"widget\" data-widget_type=\"text-editor.default\">\n\t\t\t\t\t\t\t\t\t<div id=\"\" class=\"x-text cs-ta-justify\"><p>In cooperation with the Art and Exhibition Hall of the Federal Republic of Germany in Bonn, we have developed the BESTMANN Museum Wall System. The result is a practical solution for the planning, design and organization of exhibition areas in museums, town halls or other large spaces. Based on support and frame elements from the OCTANORM\u00ae range, combined with large-format wall panels, a neutral environment is created that effectively places works of art in the center of the observer\u2019s attention. Generous, objective, calm, serious.<\/p><p>\u00a0<\/p><p><strong>The system components are invisible after installation, but still offer all the benefits:<\/strong><\/p><ul><li>Quick assembly and disassembly<\/li><li>Easy handling of components<\/li><li>Environment-friendly materials<\/li><li>Frequent reusability in different configurations<\/li><li>No visible screw connections<\/li><li>Construction heights up to 5.30 m without disturbing horizontal joints<\/li><li>Self-assembly possible<\/li><li>Use of different wall panels (B1 chipboard, MDF panels, plasterboard, etc.) depending on requirements or fire police regulations for simple construction of special constructions<\/li><li>Low storage space requirements<\/li><li>Longevity of the system substructure at one-off acquisition costs<\/li><\/ul><p>The BESTMANN Museum wall system is ideal for the presentation of paintings, carpets, large photos and sculptures. In every design, openings can be created to provide a clear view or for the integration of showcases, display cases or monitors. As the wall construction can be walked on, the installation and fastening of the exhibits can easily be carried out from the back. Wall panels can be screwed invisibly and there is also enough space for the technical equipment of audio or video installations.<\/p><\/div>\t\t\t\t\t\t\t\t<\/div>\n\t\t\t\t<div class=\"elementor-element elementor-element-d5bf86e elementor-widget elementor-widget-heading\" data-id=\"d5bf86e\" data-element_type=\"widget\" data-e-type=\"widget\" data-widget_type=\"heading.default\">\n\t\t\t\t\t<h2 class=\"elementor-heading-title elementor-size-default\">ECONOMIC USE<\/h2>\t\t\t\t<\/div>\n\t\t\t\t<div class=\"elementor-element elementor-element-8c9513f elementor-widget elementor-widget-text-editor\" data-id=\"8c9513f\" data-element_type=\"widget\" data-e-type=\"widget\" data-widget_type=\"text-editor.default\">\n\t\t\t\t\t\t\t\t\t<p>The versatile BESTMANN Museum wall system enables the totally flexible use of any panel format in height, width and depth, regardless of the axial dimension of the substructure. This means: Generous, smooth surfaces with minimal waste. Quick assembly and disassembly and multiple reusability make the BESTMANN Museum Wall System an economically appealing solution compared to conventional alternatives.<\/p>\t\t\t\t\t\t\t\t<\/div>\n\t\t\t\t<\/div>\n\t\t\t\t\t<\/div>\n\t\t\t\t<\/div>\n\t\t<div class=\"elementor-element elementor-element-6daff89 e-flex e-con-boxed e-con e-parent\" data-id=\"6daff89\" data-element_type=\"container\" data-e-type=\"container\" data-settings=\"{&quot;background_background&quot;:&quot;classic&quot;}\">\n\t\t\t\t\t<div class=\"e-con-inner\">\n\t\t<div class=\"elementor-element elementor-element-d48b300 e-con-full e-flex elementor-invisible e-con e-child\" data-id=\"d48b300\" data-element_type=\"container\" data-e-type=\"container\" data-settings=\"{&quot;animation&quot;:&quot;fadeInLeft&quot;}\">\n\t\t\t\t<div class=\"elementor-element elementor-element-c543a2f elementor-widget elementor-widget-heading\" data-id=\"c543a2f\" data-element_type=\"widget\" data-e-type=\"widget\" data-widget_type=\"heading.default\">\n\t\t\t\t\t<h2 class=\"elementor-heading-title elementor-size-default\">TRAVELLING EXHIBITIONS<\/h2>\t\t\t\t<\/div>\n\t\t\t\t<div class=\"elementor-element elementor-element-e96623f elementor-widget elementor-widget-text-editor\" data-id=\"e96623f\" data-element_type=\"widget\" data-e-type=\"widget\" data-widget_type=\"text-editor.default\">\n\t\t\t\t\t\t\t\t\t<p>Would you like to send your exhibits on a journey in order to present them to the largest possible audience? We provide competent and experienced support for the physical implementation of your travelling exhibition. We adapt our solutions to meet your individual needs.<br \/>They are modular in terms of design, structurally flexible and optimally suited for use in a wide variety of presentation areas.<br \/>We would be pleased to advise you on suitable forms of presentation, such as the graphic, visual or auditory implementation of your topic content, as well as the use of modern media.<\/p>\t\t\t\t\t\t\t\t<\/div>\n\t\t\t\t<\/div>\n\t\t<div class=\"elementor-element elementor-element-295dd40 e-con-full e-flex elementor-invisible e-con e-child\" data-id=\"295dd40\" data-element_type=\"container\" data-e-type=\"container\" data-settings=\"{&quot;animation&quot;:&quot;fadeIn&quot;}\">\n\t\t\t\t<div class=\"elementor-element elementor-element-8ff5ec9 elementor-widget elementor-widget-image\" data-id=\"8ff5ec9\" data-element_type=\"widget\" data-e-type=\"widget\" data-widget_type=\"image.default\">\n\t\t\t\t\t\t\t\t\t\t\t\t\t\t\t<img loading=\"lazy\" decoding=\"async\" width=\"936\" height=\"1024\" src=\"https:\/\/bestmann.com\/wp-content\/uploads\/2023\/11\/Wanderausstellung-Voba-936x1024.jpeg\" class=\"attachment-large size-large wp-image-330\" alt=\"\" srcset=\"https:\/\/bestmann.com\/wp-content\/uploads\/2023\/11\/Wanderausstellung-Voba-936x1024.jpeg 936w, https:\/\/bestmann.com\/wp-content\/uploads\/2023\/11\/Wanderausstellung-Voba-274x300.jpeg 274w, https:\/\/bestmann.com\/wp-content\/uploads\/2023\/11\/Wanderausstellung-Voba-768x840.jpeg 768w, https:\/\/bestmann.com\/wp-content\/uploads\/2023\/11\/Wanderausstellung-Voba.jpeg 960w\" sizes=\"(max-width: 936px) 100vw, 936px\" \/>\t\t\t\t\t\t\t\t\t\t\t\t\t\t\t<\/div>\n\t\t\t\t<\/div>\n\t\t\t\t\t<\/div>\n\t\t\t\t<\/div>\n\t\t\t\t<\/div>","protected":false},"excerpt":{"rendered":"<p>AUSSTELLUNGSBAU F\u00fcr Ausstellungen und Pr\u00e4sentationen, die f\u00fcr einen l\u00e4ngeren Zeitraum angelegt sind, entwickeln und konstruieren wir ma\u00dfgeschneiderte Rauml\u00f6sungen.\u00a0Mit unseren Erfahrungen unterst\u00fctzen wir unter anderem Museen bei der baulichen und technischen Realisierung ihrer Ausstellungen und schaffen eine wirkungsvolle Pr\u00e4sentationsumgebung f\u00fcr einzigartige Exponate. Kontaktieren Sie uns MUSEUMS-WANDSYSTEME In der Zusammenarbeit mit der Kunst- und Ausstellungshalle der Bundesrepublik [&hellip;]<\/p>\n","protected":false},"author":1,"featured_media":0,"parent":35,"menu_order":0,"comment_status":"closed","ping_status":"closed","template":"","meta":{"_acf_changed":false,"footnotes":""},"class_list":["post-39","page","type-page","status-publish","hentry","wpbf-post"],"acf":[],"_links":{"self":[{"href":"https:\/\/bestmann.com\/en\/wp-json\/wp\/v2\/pages\/39","targetHints":{"allow":["GET"]}}],"collection":[{"href":"https:\/\/bestmann.com\/en\/wp-json\/wp\/v2\/pages"}],"about":[{"href":"https:\/\/bestmann.com\/en\/wp-json\/wp\/v2\/types\/page"}],"author":[{"embeddable":true,"href":"https:\/\/bestmann.com\/en\/wp-json\/wp\/v2\/users\/1"}],"replies":[{"embeddable":true,"href":"https:\/\/bestmann.com\/en\/wp-json\/wp\/v2\/comments?post=39"}],"version-history":[{"count":0,"href":"https:\/\/bestmann.com\/en\/wp-json\/wp\/v2\/pages\/39\/revisions"}],"up":[{"embeddable":true,"href":"https:\/\/bestmann.com\/en\/wp-json\/wp\/v2\/pages\/35"}],"wp:attachment":[{"href":"https:\/\/bestmann.com\/en\/wp-json\/wp\/v2\/media?parent=39"}],"curies":[{"name":"wp","href":"https:\/\/api.w.org\/{rel}","templated":true}]}}