{"id":41,"date":"2023-11-08T15:39:30","date_gmt":"2023-11-08T14:39:30","guid":{"rendered":"https:\/\/kranzhost.de\/bestmann2023\/?page_id=41"},"modified":"2025-02-18T14:55:29","modified_gmt":"2025-02-18T13:55:29","slug":"kongresse-und-events","status":"publish","type":"page","link":"https:\/\/bestmann.com\/en\/leistungen\/kongresse-und-events\/","title":{"rendered":"CONGRESSES &amp; EVENTS"},"content":{"rendered":"<div data-elementor-type=\"wp-page\" data-elementor-id=\"41\" class=\"elementor elementor-41\" data-elementor-post-type=\"page\">\n\t\t\t\t<div class=\"elementor-element elementor-element-20db790 e-con-full e-flex e-con e-parent\" data-id=\"20db790\" data-element_type=\"container\" data-e-type=\"container\">\n\t\t\t\t<div class=\"elementor-element elementor-element-fd12431 elementor-widget elementor-widget-shortcode\" data-id=\"fd12431\" data-element_type=\"widget\" data-e-type=\"widget\" data-widget_type=\"shortcode.default\">\n\t\t\t\t\t\t\t<div class=\"elementor-shortcode\"><\/div>\n\t\t\t\t\t\t<\/div>\n\t\t\t\t<\/div>\n\t\t<div class=\"elementor-element elementor-element-8f511b6 e-flex e-con-boxed e-con e-parent\" data-id=\"8f511b6\" data-element_type=\"container\" data-e-type=\"container\" data-settings=\"{&quot;background_background&quot;:&quot;classic&quot;}\">\n\t\t\t\t\t<div class=\"e-con-inner\">\n\t\t<div class=\"elementor-element elementor-element-e5ca02e e-con-full animated-slow e-flex elementor-invisible e-con e-child\" data-id=\"e5ca02e\" data-element_type=\"container\" data-e-type=\"container\" data-settings=\"{&quot;animation&quot;:&quot;fadeIn&quot;}\">\n\t\t\t\t<div class=\"elementor-element elementor-element-28beeba elementor-widget elementor-widget-heading\" data-id=\"28beeba\" data-element_type=\"widget\" data-e-type=\"widget\" data-widget_type=\"heading.default\">\n\t\t\t\t\t<h2 class=\"elementor-heading-title elementor-size-default\">KONGRESSE &amp; EVENTS<\/h2>\t\t\t\t<\/div>\n\t\t\t\t<div class=\"elementor-element elementor-element-a530e8d elementor-widget elementor-widget-text-editor\" data-id=\"a530e8d\" data-element_type=\"widget\" data-e-type=\"widget\" data-widget_type=\"text-editor.default\">\n\t\t\t\t\t\t\t\t\t<p>We plan and realize three-dimensional presentations for events of all kinds. This also includes congresses, presentations, in-house exhibitions and marketing events. From branding and the provision of exhibition stands to stand equipment, we offer you all services from a single source.<\/p>\t\t\t\t\t\t\t\t<\/div>\n\t\t\t\t<div class=\"elementor-element elementor-element-a47c3a5 elementor-widget elementor-widget-button\" data-id=\"a47c3a5\" data-element_type=\"widget\" data-e-type=\"widget\" data-widget_type=\"button.default\">\n\t\t\t\t\t\t\t\t\t\t<a class=\"elementor-button elementor-button-link elementor-size-sm\" href=\"https:\/\/bestmann.com\/en\/kontakt\/\">\n\t\t\t\t\t\t<span class=\"elementor-button-content-wrapper\">\n\t\t\t\t\t\t\t\t\t<span class=\"elementor-button-text\">Contact us<\/span>\n\t\t\t\t\t<\/span>\n\t\t\t\t\t<\/a>\n\t\t\t\t\t\t\t\t<\/div>\n\t\t\t\t<\/div>\n\t\t<div class=\"elementor-element elementor-element-1c0b776 e-con-full elementor-hidden-mobile e-flex e-con e-child\" data-id=\"1c0b776\" data-element_type=\"container\" data-e-type=\"container\">\n\t\t\t\t<\/div>\n\t\t\t\t\t<\/div>\n\t\t\t\t<\/div>\n\t\t<div class=\"elementor-element elementor-element-aefdeec e-flex e-con-boxed e-con e-parent\" data-id=\"aefdeec\" data-element_type=\"container\" data-e-type=\"container\" data-settings=\"{&quot;background_background&quot;:&quot;classic&quot;}\">\n\t\t\t\t\t<div class=\"e-con-inner\">\n\t\t<div class=\"elementor-element elementor-element-2e14526 e-con-full e-flex elementor-invisible e-con e-child\" data-id=\"2e14526\" data-element_type=\"container\" data-e-type=\"container\" data-settings=\"{&quot;animation&quot;:&quot;fadeIn&quot;}\">\n\t\t\t\t<div class=\"elementor-element elementor-element-6a6245d elementor-widget elementor-widget-image\" data-id=\"6a6245d\" data-element_type=\"widget\" data-e-type=\"widget\" data-widget_type=\"image.default\">\n\t\t\t\t\t\t\t\t\t\t\t\t\t\t\t<img fetchpriority=\"high\" decoding=\"async\" width=\"1024\" height=\"593\" src=\"https:\/\/bestmann.com\/wp-content\/uploads\/2023\/11\/wccBonn-Logo-1024x593.png\" class=\"attachment-large size-large wp-image-306\" alt=\"\" srcset=\"https:\/\/bestmann.com\/wp-content\/uploads\/2023\/11\/wccBonn-Logo-1024x593.png 1024w, https:\/\/bestmann.com\/wp-content\/uploads\/2023\/11\/wccBonn-Logo-300x174.png 300w, https:\/\/bestmann.com\/wp-content\/uploads\/2023\/11\/wccBonn-Logo-768x445.png 768w, https:\/\/bestmann.com\/wp-content\/uploads\/2023\/11\/wccBonn-Logo.png 1500w\" sizes=\"(max-width: 1024px) 100vw, 1024px\" \/>\t\t\t\t\t\t\t\t\t\t\t\t\t\t\t<\/div>\n\t\t\t\t<\/div>\n\t\t<div class=\"elementor-element elementor-element-388326f e-con-full e-flex elementor-invisible e-con e-child\" data-id=\"388326f\" data-element_type=\"container\" data-e-type=\"container\" data-settings=\"{&quot;animation&quot;:&quot;fadeInRight&quot;}\">\n\t\t\t\t<div class=\"elementor-element elementor-element-68a4507 elementor-widget elementor-widget-heading\" data-id=\"68a4507\" data-element_type=\"widget\" data-e-type=\"widget\" data-widget_type=\"heading.default\">\n\t\t\t\t\t<h2 class=\"elementor-heading-title elementor-size-default\">\nPARTNER OF WCCB BONN\nCONFERENCES AND CONGRESSES IN A UNIQUE SETTING<\/h2>\t\t\t\t<\/div>\n\t\t\t\t<div class=\"elementor-element elementor-element-2e7f7cf elementor-widget elementor-widget-text-editor\" data-id=\"2e7f7cf\" data-element_type=\"widget\" data-e-type=\"widget\" data-widget_type=\"text-editor.default\">\n\t\t\t\t\t\t\t\t\t<div id=\"\" class=\"x-text cs-ta-justify\"><p>Are you planning a conference, a meeting, a congress, a product presentation or an evening event? The World Congress Center Bonn (WCCB) offers you a unique location for small and large events. We also take care of the equipment so that every square meter of your presentation area is optimally aligned with your wishes as a representative. Our team of project managers, interior architects, designers, qualified craftsmen as well as advertising and exhibition stand construction technicians would be happy to assist you!<\/p><\/div><div id=\"\" class=\"x-text cs-ta-justify\"><p><strong>Click here to see our offers for your individual<\/strong><br \/><strong>congress and event equipment at WCCB:<\/strong><\/p><\/div>\t\t\t\t\t\t\t\t<\/div>\n\t\t\t\t<div class=\"elementor-element elementor-element-fac8a8d elementor-widget elementor-widget-button\" data-id=\"fac8a8d\" data-element_type=\"widget\" data-e-type=\"widget\" data-widget_type=\"button.default\">\n\t\t\t\t\t\t\t\t\t\t<a class=\"elementor-button elementor-button-link elementor-size-sm\" href=\"https:\/\/www.bestmann-wccb.de\" target=\"_blank\" rel=\"noopener\">\n\t\t\t\t\t\t<span class=\"elementor-button-content-wrapper\">\n\t\t\t\t\t\t\t\t\t<span class=\"elementor-button-text\">WCCB online catalog<\/span>\n\t\t\t\t\t<\/span>\n\t\t\t\t\t<\/a>\n\t\t\t\t\t\t\t\t<\/div>\n\t\t\t\t<\/div>\n\t\t\t\t\t<\/div>\n\t\t\t\t<\/div>\n\t\t<div class=\"elementor-element elementor-element-5e0b307 e-flex e-con-boxed e-con e-parent\" data-id=\"5e0b307\" data-element_type=\"container\" data-e-type=\"container\" data-settings=\"{&quot;background_background&quot;:&quot;classic&quot;}\">\n\t\t\t\t\t<div class=\"e-con-inner\">\n\t\t<div class=\"elementor-element elementor-element-d7f79ce e-con-full e-flex elementor-invisible e-con e-child\" data-id=\"d7f79ce\" data-element_type=\"container\" data-e-type=\"container\" data-settings=\"{&quot;animation&quot;:&quot;fadeInLeft&quot;}\">\n\t\t\t\t<div class=\"elementor-element elementor-element-9caba82 elementor-widget elementor-widget-heading\" data-id=\"9caba82\" data-element_type=\"widget\" data-e-type=\"widget\" data-widget_type=\"heading.default\">\n\t\t\t\t\t<h2 class=\"elementor-heading-title elementor-size-default\">STANDMODULE &amp; MESSEST\u00c4NDE<\/h2>\t\t\t\t<\/div>\n\t\t\t\t<div class=\"elementor-element elementor-element-9cdedda elementor-widget elementor-widget-text-editor\" data-id=\"9cdedda\" data-element_type=\"widget\" data-e-type=\"widget\" data-widget_type=\"text-editor.default\">\n\t\t\t\t\t\t\t\t\t<p>Our stand modules and displays offer you a wide variety of presentation options and can be individually adapted to your needs. With our solutions, we create a fitting environment, in which you can welcome your customers and prospects and introduce them to the world of your services and products. We offer these small exhibition stands in various designs \u2013 including carpeting, wall elements, screens, lighting, counter and brochure stands upon request. We also provide solutions in the form of pop-up, banner or roll-up displays. Naturally, we also provide support with the printing of motifs in line with your corporate design.<\/p>\t\t\t\t\t\t\t\t<\/div>\n\t\t\t\t<\/div>\n\t\t<div class=\"elementor-element elementor-element-5de544b e-con-full e-flex elementor-invisible e-con e-child\" data-id=\"5de544b\" data-element_type=\"container\" data-e-type=\"container\" data-settings=\"{&quot;animation&quot;:&quot;fadeIn&quot;}\">\n\t\t\t\t<div class=\"elementor-element elementor-element-73f58b6 elementor-widget elementor-widget-image\" data-id=\"73f58b6\" data-element_type=\"widget\" data-e-type=\"widget\" data-widget_type=\"image.default\">\n\t\t\t\t\t\t\t\t\t\t\t\t\t\t\t<img decoding=\"async\" width=\"1024\" height=\"768\" src=\"https:\/\/bestmann.com\/wp-content\/uploads\/2023\/11\/IMG_4690-1024x768.jpeg\" class=\"attachment-large size-large wp-image-304\" alt=\"\" srcset=\"https:\/\/bestmann.com\/wp-content\/uploads\/2023\/11\/IMG_4690-1024x768.jpeg 1024w, https:\/\/bestmann.com\/wp-content\/uploads\/2023\/11\/IMG_4690-300x225.jpeg 300w, https:\/\/bestmann.com\/wp-content\/uploads\/2023\/11\/IMG_4690-768x576.jpeg 768w, https:\/\/bestmann.com\/wp-content\/uploads\/2023\/11\/IMG_4690.jpeg 1280w\" sizes=\"(max-width: 1024px) 100vw, 1024px\" \/>\t\t\t\t\t\t\t\t\t\t\t\t\t\t\t<\/div>\n\t\t\t\t<\/div>\n\t\t\t\t\t<\/div>\n\t\t\t\t<\/div>\n\t\t<div class=\"elementor-element elementor-element-b4eeb1d e-flex e-con-boxed e-con e-parent\" data-id=\"b4eeb1d\" data-element_type=\"container\" data-e-type=\"container\" data-settings=\"{&quot;background_background&quot;:&quot;classic&quot;}\">\n\t\t\t\t\t<div class=\"e-con-inner\">\n\t\t<div class=\"elementor-element elementor-element-bc6c946 e-con-full e-flex elementor-invisible e-con e-child\" data-id=\"bc6c946\" data-element_type=\"container\" data-e-type=\"container\" data-settings=\"{&quot;animation&quot;:&quot;fadeIn&quot;}\">\n\t\t\t\t<div class=\"elementor-element elementor-element-11c9783 elementor-widget elementor-widget-image\" data-id=\"11c9783\" data-element_type=\"widget\" data-e-type=\"widget\" data-widget_type=\"image.default\">\n\t\t\t\t\t\t\t\t\t\t\t\t\t\t\t<img decoding=\"async\" width=\"1024\" height=\"768\" src=\"https:\/\/bestmann.com\/wp-content\/uploads\/2023\/11\/Moebel-1024x768.jpeg\" class=\"attachment-large size-large wp-image-305\" alt=\"\" srcset=\"https:\/\/bestmann.com\/wp-content\/uploads\/2023\/11\/Moebel-1024x768.jpeg 1024w, https:\/\/bestmann.com\/wp-content\/uploads\/2023\/11\/Moebel-300x225.jpeg 300w, https:\/\/bestmann.com\/wp-content\/uploads\/2023\/11\/Moebel-768x576.jpeg 768w, https:\/\/bestmann.com\/wp-content\/uploads\/2023\/11\/Moebel.jpeg 1280w\" sizes=\"(max-width: 1024px) 100vw, 1024px\" \/>\t\t\t\t\t\t\t\t\t\t\t\t\t\t\t<\/div>\n\t\t\t\t<\/div>\n\t\t<div class=\"elementor-element elementor-element-2cd20d0 e-con-full e-flex elementor-invisible e-con e-child\" data-id=\"2cd20d0\" data-element_type=\"container\" data-e-type=\"container\" data-settings=\"{&quot;animation&quot;:&quot;fadeInRight&quot;}\">\n\t\t\t\t<div class=\"elementor-element elementor-element-da5ae9c elementor-widget elementor-widget-heading\" data-id=\"da5ae9c\" data-element_type=\"widget\" data-e-type=\"widget\" data-widget_type=\"heading.default\">\n\t\t\t\t\t<h2 class=\"elementor-heading-title elementor-size-default\">M\u00d6BEL &amp; STANDAUSSTATTUNG<\/h2>\t\t\t\t<\/div>\n\t\t\t\t<div class=\"elementor-element elementor-element-9edf98d elementor-widget elementor-widget-text-editor\" data-id=\"9edf98d\" data-element_type=\"widget\" data-e-type=\"widget\" data-widget_type=\"text-editor.default\">\n\t\t\t\t\t\t\t\t\t<p>Whether chairs, tables, bar stools, sofas, seating or lounge corners \u2013 the Bestmann Messebau team will help you find furniture in the right style and in the desired quantity. To make sure you can inspire your guests and customers with exclusive design, we are constantly tracking down the latest trends and creating the perfect presentation. You can find our current catalogue here. We would be pleased to advise you personally. Give us a call!\u00a0<a href=\"http:\/\/bestmann-wccb.de\/\" target=\"_blank\" rel=\"noopener\">aktuellen Katalog<\/a>. Wir beraten Sie gerne pers\u00f6nlich. Rufen Sie uns an!<\/p>\t\t\t\t\t\t\t\t<\/div>\n\t\t\t\t<\/div>\n\t\t\t\t\t<\/div>\n\t\t\t\t<\/div>\n\t\t<div class=\"elementor-element elementor-element-15477b8 e-flex e-con-boxed e-con e-parent\" data-id=\"15477b8\" data-element_type=\"container\" data-e-type=\"container\" data-settings=\"{&quot;background_background&quot;:&quot;classic&quot;}\">\n\t\t\t\t\t<div class=\"e-con-inner\">\n\t\t<div class=\"elementor-element elementor-element-f735cef e-con-full e-flex elementor-invisible e-con e-child\" data-id=\"f735cef\" data-element_type=\"container\" data-e-type=\"container\" data-settings=\"{&quot;animation&quot;:&quot;fadeInLeft&quot;}\">\n\t\t\t\t<div class=\"elementor-element elementor-element-66b3010 elementor-widget elementor-widget-heading\" data-id=\"66b3010\" data-element_type=\"widget\" data-e-type=\"widget\" data-widget_type=\"heading.default\">\n\t\t\t\t\t<h2 class=\"elementor-heading-title elementor-size-default\">BRANDING &amp; BESCHILDERUNG<\/h2>\t\t\t\t<\/div>\n\t\t\t\t<div class=\"elementor-element elementor-element-b0d7ac4 elementor-widget elementor-widget-text-editor\" data-id=\"b0d7ac4\" data-element_type=\"widget\" data-e-type=\"widget\" data-widget_type=\"text-editor.default\">\n\t\t\t\t\t\t\t\t\t<div class=\"x-column x-sm x-2-3\"><div id=\"\" class=\"x-text cs-ta-justify\"><p>Our in-house print shop provides solutions for virtually all areas of professional indoor and outdoor signage. Whether you want to use signage to show your customers the way or brand all design elements in your corporate design \u2013 we provide high-quality print products quickly and easily.<\/p><p>How can we assist you?\u00a0<a href=\"https:\/\/bestmann.com\/en\/kontakt\/\">Contact us<\/a>we would be happy to assist you!<\/p><\/div><\/div>\t\t\t\t\t\t\t\t<\/div>\n\t\t\t\t<\/div>\n\t\t<div class=\"elementor-element elementor-element-9df6889 e-con-full e-flex elementor-invisible e-con e-child\" data-id=\"9df6889\" data-element_type=\"container\" data-e-type=\"container\" data-settings=\"{&quot;animation&quot;:&quot;fadeIn&quot;}\">\n\t\t\t\t<div class=\"elementor-element elementor-element-0dcd9e4 elementor-widget elementor-widget-image\" data-id=\"0dcd9e4\" data-element_type=\"widget\" data-e-type=\"widget\" data-widget_type=\"image.default\">\n\t\t\t\t\t\t\t\t\t\t\t\t\t\t\t<img loading=\"lazy\" decoding=\"async\" width=\"1024\" height=\"768\" src=\"https:\/\/bestmann.com\/wp-content\/uploads\/2023\/11\/ESA_Living-Planet-Symposium_6_25-05-2022-1024x768.jpg\" class=\"attachment-large size-large wp-image-303\" alt=\"\" srcset=\"https:\/\/bestmann.com\/wp-content\/uploads\/2023\/11\/ESA_Living-Planet-Symposium_6_25-05-2022-1024x768.jpg 1024w, https:\/\/bestmann.com\/wp-content\/uploads\/2023\/11\/ESA_Living-Planet-Symposium_6_25-05-2022-300x225.jpg 300w, https:\/\/bestmann.com\/wp-content\/uploads\/2023\/11\/ESA_Living-Planet-Symposium_6_25-05-2022-768x576.jpg 768w, https:\/\/bestmann.com\/wp-content\/uploads\/2023\/11\/ESA_Living-Planet-Symposium_6_25-05-2022-1536x1152.jpg 1536w, https:\/\/bestmann.com\/wp-content\/uploads\/2023\/11\/ESA_Living-Planet-Symposium_6_25-05-2022-2048x1536.jpg 2048w\" sizes=\"(max-width: 1024px) 100vw, 1024px\" \/>\t\t\t\t\t\t\t\t\t\t\t\t\t\t\t<\/div>\n\t\t\t\t<\/div>\n\t\t\t\t\t<\/div>\n\t\t\t\t<\/div>\n\t\t\t\t<\/div>","protected":false},"excerpt":{"rendered":"<p>KONGRESSE &amp; EVENTS Wir planen und realisieren dreidimensionale Auftritte f\u00fcr alle Arten von Veranstaltungen. Dazu geh\u00f6ren insbesondere Kongresse, Pr\u00e4sentationen, Hausmessen und Marketing-Events. Vom Branding, \u00fcber die Bereitstellung von Messest\u00e4nden bis zu der Standausstattung bieten wir Ihnen alle Leistungen aus einer Hand. Kontaktieren Sie uns PARTNER DES WCCB BONN \u2013 KONFERENZEN, TAGUNGEN UND KONGRESSE IM EINZIGARTIGEN [&hellip;]<\/p>\n","protected":false},"author":1,"featured_media":0,"parent":35,"menu_order":0,"comment_status":"closed","ping_status":"closed","template":"","meta":{"_acf_changed":false,"footnotes":""},"class_list":["post-41","page","type-page","status-publish","hentry","wpbf-post"],"acf":[],"_links":{"self":[{"href":"https:\/\/bestmann.com\/en\/wp-json\/wp\/v2\/pages\/41","targetHints":{"allow":["GET"]}}],"collection":[{"href":"https:\/\/bestmann.com\/en\/wp-json\/wp\/v2\/pages"}],"about":[{"href":"https:\/\/bestmann.com\/en\/wp-json\/wp\/v2\/types\/page"}],"author":[{"embeddable":true,"href":"https:\/\/bestmann.com\/en\/wp-json\/wp\/v2\/users\/1"}],"replies":[{"embeddable":true,"href":"https:\/\/bestmann.com\/en\/wp-json\/wp\/v2\/comments?post=41"}],"version-history":[{"count":0,"href":"https:\/\/bestmann.com\/en\/wp-json\/wp\/v2\/pages\/41\/revisions"}],"up":[{"embeddable":true,"href":"https:\/\/bestmann.com\/en\/wp-json\/wp\/v2\/pages\/35"}],"wp:attachment":[{"href":"https:\/\/bestmann.com\/en\/wp-json\/wp\/v2\/media?parent=41"}],"curies":[{"name":"wp","href":"https:\/\/api.w.org\/{rel}","templated":true}]}}