{"id":43,"date":"2023-11-08T15:39:40","date_gmt":"2023-11-08T14:39:40","guid":{"rendered":"https:\/\/kranzhost.de\/bestmann2023\/?page_id=43"},"modified":"2025-02-18T14:59:26","modified_gmt":"2025-02-18T13:59:26","slug":"sonderloesungen","status":"publish","type":"page","link":"https:\/\/bestmann.com\/en\/leistungen\/sonderloesungen\/","title":{"rendered":"SPECIAL SOLUTIONS"},"content":{"rendered":"<div data-elementor-type=\"wp-page\" data-elementor-id=\"43\" class=\"elementor elementor-43\" data-elementor-post-type=\"page\">\n\t\t\t\t<div class=\"elementor-element elementor-element-a336b87 e-con-full e-flex e-con e-parent\" data-id=\"a336b87\" data-element_type=\"container\" data-e-type=\"container\">\n\t\t\t\t<div class=\"elementor-element elementor-element-f20bb43 elementor-widget elementor-widget-shortcode\" data-id=\"f20bb43\" data-element_type=\"widget\" data-e-type=\"widget\" data-widget_type=\"shortcode.default\">\n\t\t\t\t\t\t\t<div class=\"elementor-shortcode\"><\/div>\n\t\t\t\t\t\t<\/div>\n\t\t\t\t<\/div>\n\t\t<div class=\"elementor-element elementor-element-bf35269 e-flex e-con-boxed e-con e-parent\" data-id=\"bf35269\" data-element_type=\"container\" data-e-type=\"container\">\n\t\t\t\t\t<div class=\"e-con-inner\">\n\t\t\t\t<div class=\"elementor-element elementor-element-b18852c elementor-widget elementor-widget-heading\" data-id=\"b18852c\" data-element_type=\"widget\" data-e-type=\"widget\" data-widget_type=\"heading.default\">\n\t\t\t\t\t<h1 class=\"elementor-heading-title elementor-size-default\">SPECIAL SOLUTIONS<\/h1>\t\t\t\t<\/div>\n\t\t\t\t\t<\/div>\n\t\t\t\t<\/div>\n\t\t<div class=\"elementor-element elementor-element-e84a3e9 e-flex e-con-boxed e-con e-parent\" data-id=\"e84a3e9\" data-element_type=\"container\" data-e-type=\"container\" data-settings=\"{&quot;background_background&quot;:&quot;classic&quot;}\">\n\t\t\t\t\t<div class=\"e-con-inner\">\n\t\t<div class=\"elementor-element elementor-element-89fbd4a e-con-full e-flex elementor-invisible e-con e-child\" data-id=\"89fbd4a\" data-element_type=\"container\" data-e-type=\"container\" data-settings=\"{&quot;animation&quot;:&quot;fadeIn&quot;}\">\n\t\t\t\t<div class=\"elementor-element elementor-element-a4ba0f8 elementor-widget elementor-widget-image\" data-id=\"a4ba0f8\" data-element_type=\"widget\" data-e-type=\"widget\" data-widget_type=\"image.default\">\n\t\t\t\t\t\t\t\t\t\t\t\t\t\t\t<img fetchpriority=\"high\" decoding=\"async\" width=\"1024\" height=\"768\" src=\"https:\/\/bestmann.com\/wp-content\/uploads\/2023\/11\/Amtico_Stellwaende-1024x768.jpeg\" class=\"attachment-large size-large wp-image-339\" alt=\"\" srcset=\"https:\/\/bestmann.com\/wp-content\/uploads\/2023\/11\/Amtico_Stellwaende-1024x768.jpeg 1024w, https:\/\/bestmann.com\/wp-content\/uploads\/2023\/11\/Amtico_Stellwaende-300x225.jpeg 300w, https:\/\/bestmann.com\/wp-content\/uploads\/2023\/11\/Amtico_Stellwaende-768x576.jpeg 768w, https:\/\/bestmann.com\/wp-content\/uploads\/2023\/11\/Amtico_Stellwaende.jpeg 1280w\" sizes=\"(max-width: 1024px) 100vw, 1024px\" \/>\t\t\t\t\t\t\t\t\t\t\t\t\t\t\t<\/div>\n\t\t\t\t<\/div>\n\t\t<div class=\"elementor-element elementor-element-75ba24b e-con-full e-flex elementor-invisible e-con e-child\" data-id=\"75ba24b\" data-element_type=\"container\" data-e-type=\"container\" data-settings=\"{&quot;animation&quot;:&quot;fadeInRight&quot;}\">\n\t\t\t\t<div class=\"elementor-element elementor-element-e8a5572 elementor-widget elementor-widget-heading\" data-id=\"e8a5572\" data-element_type=\"widget\" data-e-type=\"widget\" data-widget_type=\"heading.default\">\n\t\t\t\t\t<h2 class=\"elementor-heading-title elementor-size-default\">IN-HOUSE EXHIBITIONS<\/h2>\t\t\t\t<\/div>\n\t\t\t\t<div class=\"elementor-element elementor-element-44c2b70 elementor-widget elementor-widget-text-editor\" data-id=\"44c2b70\" data-element_type=\"widget\" data-e-type=\"widget\" data-widget_type=\"text-editor.default\">\n\t\t\t\t\t\t\t\t\t<p>In-house exhibitions are a very attractive opportunity to present your products or services to your sales partners, business or private customers. We would be pleased to support you in implementing your communication and marketing goals. We professionally execute your corporate design specifications and create interior and presentation concepts to inspire your guests.<\/p>\t\t\t\t\t\t\t\t<\/div>\n\t\t\t\t<\/div>\n\t\t\t\t\t<\/div>\n\t\t\t\t<\/div>\n\t\t<div class=\"elementor-element elementor-element-4af2890 e-flex e-con-boxed e-con e-parent\" data-id=\"4af2890\" data-element_type=\"container\" data-e-type=\"container\" data-settings=\"{&quot;background_background&quot;:&quot;classic&quot;}\">\n\t\t\t\t\t<div class=\"e-con-inner\">\n\t\t<div class=\"elementor-element elementor-element-b8dd15c e-con-full e-flex elementor-invisible e-con e-child\" data-id=\"b8dd15c\" data-element_type=\"container\" data-e-type=\"container\" data-settings=\"{&quot;animation&quot;:&quot;fadeInLeft&quot;}\">\n\t\t\t\t<div class=\"elementor-element elementor-element-b4e3828 elementor-widget elementor-widget-heading\" data-id=\"b4e3828\" data-element_type=\"widget\" data-e-type=\"widget\" data-widget_type=\"heading.default\">\n\t\t\t\t\t<h2 class=\"elementor-heading-title elementor-size-default\">SHOWROOM DESIGN<\/h2>\t\t\t\t<\/div>\n\t\t\t\t<div class=\"elementor-element elementor-element-255af25 elementor-widget elementor-widget-text-editor\" data-id=\"255af25\" data-element_type=\"widget\" data-e-type=\"widget\" data-widget_type=\"text-editor.default\">\n\t\t\t\t\t\t\t\t\t<p>Our architects, planners and media experts assist you with the presentation of your showrooms, experience worlds, visitor centers or exhibitions and provide comprehensive advice on the development of an individual communication concept. Based on your needs and ideas, we design and plan integrated solutions that we implement in compliance with the relevant regulations and standards.<\/p>\t\t\t\t\t\t\t\t<\/div>\n\t\t\t\t<div class=\"elementor-element elementor-element-da7860e elementor-widget elementor-widget-image\" data-id=\"da7860e\" data-element_type=\"widget\" data-e-type=\"widget\" data-widget_type=\"image.default\">\n\t\t\t\t\t\t\t\t\t\t\t\t\t\t\t<img decoding=\"async\" width=\"955\" height=\"202\" src=\"https:\/\/bestmann.com\/wp-content\/uploads\/2024\/01\/Icons-mit-Text-GB.png\" class=\"attachment-large size-large wp-image-340\" alt=\"\" srcset=\"https:\/\/bestmann.com\/wp-content\/uploads\/2024\/01\/Icons-mit-Text-GB.png 702w, https:\/\/bestmann.com\/wp-content\/uploads\/2024\/01\/Icons-mit-Text-GB-300x86.png 300w, https:\/\/bestmann.com\/wp-content\/uploads\/2024\/01\/Icons-mit-Text-GB-18x5.png 18w\" sizes=\"(max-width: 955px) 100vw, 955px\" \/>\t\t\t\t\t\t\t\t\t\t\t\t\t\t\t<\/div>\n\t\t\t\t<div class=\"elementor-element elementor-element-01dfbe3 elementor-widget elementor-widget-text-editor\" data-id=\"01dfbe3\" data-element_type=\"widget\" data-e-type=\"widget\" data-widget_type=\"text-editor.default\">\n\t\t\t\t\t\t\t\t\t<p>We love what we do and we let you feel it. While we take the burden off you with 100% reliability and professionalism, you can concentrate on your customers. Are you planning a specific project? Call us, we would be happy to help!<\/p>\t\t\t\t\t\t\t\t<\/div>\n\t\t\t\t<div class=\"elementor-element elementor-element-0943171 elementor-widget elementor-widget-button\" data-id=\"0943171\" data-element_type=\"widget\" data-e-type=\"widget\" data-widget_type=\"button.default\">\n\t\t\t\t\t\t\t\t\t\t<a class=\"elementor-button elementor-button-link elementor-size-sm\" href=\"https:\/\/bestmann.com\/en\/kontakt\/\">\n\t\t\t\t\t\t<span class=\"elementor-button-content-wrapper\">\n\t\t\t\t\t\t\t\t\t<span class=\"elementor-button-text\">Contact<\/span>\n\t\t\t\t\t<\/span>\n\t\t\t\t\t<\/a>\n\t\t\t\t\t\t\t\t<\/div>\n\t\t\t\t<\/div>\n\t\t<div class=\"elementor-element elementor-element-c8dbe0b e-con-full e-flex elementor-invisible e-con e-child\" data-id=\"c8dbe0b\" data-element_type=\"container\" data-e-type=\"container\" data-settings=\"{&quot;animation&quot;:&quot;fadeIn&quot;}\">\n\t\t\t\t<div class=\"elementor-element elementor-element-74bb273 elementor-widget elementor-widget-image\" data-id=\"74bb273\" data-element_type=\"widget\" data-e-type=\"widget\" data-widget_type=\"image.default\">\n\t\t\t\t\t\t\t\t\t\t\t\t\t\t\t<img decoding=\"async\" width=\"640\" height=\"480\" src=\"https:\/\/bestmann.com\/wp-content\/uploads\/2023\/11\/IMG_1797.jpg\" class=\"attachment-large size-large wp-image-342\" alt=\"\" srcset=\"https:\/\/bestmann.com\/wp-content\/uploads\/2023\/11\/IMG_1797.jpg 640w, https:\/\/bestmann.com\/wp-content\/uploads\/2023\/11\/IMG_1797-300x225.jpg 300w\" sizes=\"(max-width: 640px) 100vw, 640px\" \/>\t\t\t\t\t\t\t\t\t\t\t\t\t\t\t<\/div>\n\t\t\t\t<div class=\"elementor-element elementor-element-d9c94c1 elementor-widget elementor-widget-image\" data-id=\"d9c94c1\" data-element_type=\"widget\" data-e-type=\"widget\" data-widget_type=\"image.default\">\n\t\t\t\t\t\t\t\t\t\t\t\t\t\t\t<img loading=\"lazy\" decoding=\"async\" width=\"640\" height=\"480\" src=\"https:\/\/bestmann.com\/wp-content\/uploads\/2023\/11\/IMG_1795-1.jpg\" class=\"attachment-large size-large wp-image-341\" alt=\"\" srcset=\"https:\/\/bestmann.com\/wp-content\/uploads\/2023\/11\/IMG_1795-1.jpg 640w, https:\/\/bestmann.com\/wp-content\/uploads\/2023\/11\/IMG_1795-1-300x225.jpg 300w\" sizes=\"(max-width: 640px) 100vw, 640px\" \/>\t\t\t\t\t\t\t\t\t\t\t\t\t\t\t<\/div>\n\t\t\t\t<\/div>\n\t\t\t\t\t<\/div>\n\t\t\t\t<\/div>\n\t\t<div class=\"elementor-element elementor-element-448ea73 e-flex e-con-boxed e-con e-parent\" data-id=\"448ea73\" data-element_type=\"container\" data-e-type=\"container\" data-settings=\"{&quot;background_background&quot;:&quot;classic&quot;}\">\n\t\t\t\t\t<div class=\"e-con-inner\">\n\t\t<div class=\"elementor-element elementor-element-9cf0e94 e-con-full e-flex elementor-invisible e-con e-child\" data-id=\"9cf0e94\" data-element_type=\"container\" data-e-type=\"container\" data-settings=\"{&quot;animation&quot;:&quot;fadeIn&quot;}\">\n\t\t\t\t<div class=\"elementor-element elementor-element-993d548 elementor-widget elementor-widget-image\" data-id=\"993d548\" data-element_type=\"widget\" data-e-type=\"widget\" data-widget_type=\"image.default\">\n\t\t\t\t\t\t\t\t\t\t\t\t\t\t\t<img loading=\"lazy\" decoding=\"async\" width=\"1024\" height=\"759\" src=\"https:\/\/bestmann.com\/wp-content\/uploads\/2023\/11\/Standmodul-1024x759.jpeg\" class=\"attachment-large size-large wp-image-345\" alt=\"\" srcset=\"https:\/\/bestmann.com\/wp-content\/uploads\/2023\/11\/Standmodul-1024x759.jpeg 1024w, https:\/\/bestmann.com\/wp-content\/uploads\/2023\/11\/Standmodul-300x222.jpeg 300w, https:\/\/bestmann.com\/wp-content\/uploads\/2023\/11\/Standmodul-768x569.jpeg 768w, https:\/\/bestmann.com\/wp-content\/uploads\/2023\/11\/Standmodul.jpeg 1280w\" sizes=\"(max-width: 1024px) 100vw, 1024px\" \/>\t\t\t\t\t\t\t\t\t\t\t\t\t\t\t<\/div>\n\t\t\t\t<\/div>\n\t\t<div class=\"elementor-element elementor-element-e4a4e3c e-con-full e-flex elementor-invisible e-con e-child\" data-id=\"e4a4e3c\" data-element_type=\"container\" data-e-type=\"container\" data-settings=\"{&quot;animation&quot;:&quot;fadeInRight&quot;}\">\n\t\t\t\t<div class=\"elementor-element elementor-element-3c70d28 elementor-widget elementor-widget-heading\" data-id=\"3c70d28\" data-element_type=\"widget\" data-e-type=\"widget\" data-widget_type=\"heading.default\">\n\t\t\t\t\t<h2 class=\"elementor-heading-title elementor-size-default\">MOBILE EXHIBITION STANDS<\/h2>\t\t\t\t<\/div>\n\t\t\t\t<div class=\"elementor-element elementor-element-1ee7098 elementor-widget elementor-widget-text-editor\" data-id=\"1ee7098\" data-element_type=\"widget\" data-e-type=\"widget\" data-widget_type=\"text-editor.default\">\n\t\t\t\t\t\t\t\t\t<p>Especially at small trade fairs or conferences, mobile trade fair stands in your corporate design are essential tools. Our solutions for mobile exhibition stands are particularly convincing because of their high flexibility and durability. After all, it is important that you and your staff are able to handle the set-up process in a relaxed manner, even when working on your own, and that the look is always perfect even after intensive use. We would be happy to advise you and find a suitable concept for you. We would also be pleased to provide assistance with the printing of your individual graphics. Do you have any questions about your future mobile exhibition stand? We would be pleased to provide the answers!<\/p>\t\t\t\t\t\t\t\t<\/div>\n\t\t\t\t<\/div>\n\t\t\t\t\t<\/div>\n\t\t\t\t<\/div>\n\t\t<div class=\"elementor-element elementor-element-19e7ec8 e-flex e-con-boxed e-con e-parent\" data-id=\"19e7ec8\" data-element_type=\"container\" data-e-type=\"container\" data-settings=\"{&quot;background_background&quot;:&quot;classic&quot;}\">\n\t\t\t\t\t<div class=\"e-con-inner\">\n\t\t<div class=\"elementor-element elementor-element-3908be3 e-con-full e-flex elementor-invisible e-con e-child\" data-id=\"3908be3\" data-element_type=\"container\" data-e-type=\"container\" data-settings=\"{&quot;animation&quot;:&quot;fadeInLeft&quot;}\">\n\t\t\t\t<div class=\"elementor-element elementor-element-62f2748 elementor-widget elementor-widget-heading\" data-id=\"62f2748\" data-element_type=\"widget\" data-e-type=\"widget\" data-widget_type=\"heading.default\">\n\t\t\t\t\t<h2 class=\"elementor-heading-title elementor-size-default\">LEUCHTW\u00c4NDE &amp; LICHTMODULE<\/h2>\t\t\t\t<\/div>\n\t\t\t\t<div class=\"elementor-element elementor-element-7eb7844 elementor-widget elementor-widget-text-editor\" data-id=\"7eb7844\" data-element_type=\"widget\" data-e-type=\"widget\" data-widget_type=\"text-editor.default\">\n\t\t\t\t\t\t\t\t\t<p>Light is a central design element when it comes to exhibition stand construction, so that we can literally put your offering in the perfect light. Whether fair, event, point of sale or exhibition \u2013 you can put our illuminated walls OCTAlumina from Octanorm to use for all presentation purposes. We offer the illuminated walls in all sizes and designs, from freestanding wall modules to wall installations and ceiling suspensions. With OCTAlumina everything is possible, whether large-scale illuminated surfaces, cubes, counters or corner solutions. This is how we create fascinating spatial experiences that will inspire your customers.<\/p>\t\t\t\t\t\t\t\t<\/div>\n\t\t\t\t<\/div>\n\t\t<div class=\"elementor-element elementor-element-f5bb67d e-con-full e-flex elementor-invisible e-con e-child\" data-id=\"f5bb67d\" data-element_type=\"container\" data-e-type=\"container\" data-settings=\"{&quot;animation&quot;:&quot;fadeIn&quot;}\">\n\t\t\t\t<div class=\"elementor-element elementor-element-b01cf87 elementor-widget elementor-widget-image\" data-id=\"b01cf87\" data-element_type=\"widget\" data-e-type=\"widget\" data-widget_type=\"image.default\">\n\t\t\t\t\t\t\t\t\t\t\t\t\t\t\t<img loading=\"lazy\" decoding=\"async\" width=\"1024\" height=\"717\" src=\"https:\/\/bestmann.com\/wp-content\/uploads\/2023\/11\/010_PGL4734-1-1024x717.jpg\" class=\"attachment-large size-large wp-image-338\" alt=\"\" srcset=\"https:\/\/bestmann.com\/wp-content\/uploads\/2023\/11\/010_PGL4734-1-1024x717.jpg 1024w, https:\/\/bestmann.com\/wp-content\/uploads\/2023\/11\/010_PGL4734-1-300x210.jpg 300w, https:\/\/bestmann.com\/wp-content\/uploads\/2023\/11\/010_PGL4734-1-768x538.jpg 768w, https:\/\/bestmann.com\/wp-content\/uploads\/2023\/11\/010_PGL4734-1-1536x1075.jpg 1536w, https:\/\/bestmann.com\/wp-content\/uploads\/2023\/11\/010_PGL4734-1-2048x1434.jpg 2048w\" sizes=\"(max-width: 1024px) 100vw, 1024px\" \/>\t\t\t\t\t\t\t\t\t\t\t\t\t\t\t<\/div>\n\t\t\t\t<\/div>\n\t\t\t\t\t<\/div>\n\t\t\t\t<\/div>\n\t\t<div class=\"elementor-element elementor-element-8da626d e-flex e-con-boxed e-con e-parent\" data-id=\"8da626d\" data-element_type=\"container\" data-e-type=\"container\" data-settings=\"{&quot;background_background&quot;:&quot;classic&quot;}\">\n\t\t\t\t\t<div class=\"e-con-inner\">\n\t\t<div class=\"elementor-element elementor-element-d26b5d1 e-con-full e-flex elementor-invisible e-con e-child\" data-id=\"d26b5d1\" data-element_type=\"container\" data-e-type=\"container\" data-settings=\"{&quot;animation&quot;:&quot;fadeIn&quot;}\">\n\t\t\t\t<div class=\"elementor-element elementor-element-e31dfd7 elementor-widget elementor-widget-image\" data-id=\"e31dfd7\" data-element_type=\"widget\" data-e-type=\"widget\" data-widget_type=\"image.default\">\n\t\t\t\t\t\t\t\t\t\t\t\t\t\t\t<img loading=\"lazy\" decoding=\"async\" width=\"1024\" height=\"717\" src=\"https:\/\/bestmann.com\/wp-content\/uploads\/2023\/11\/Produktveredelung-1024x717.jpeg\" class=\"attachment-large size-large wp-image-343\" alt=\"\" srcset=\"https:\/\/bestmann.com\/wp-content\/uploads\/2023\/11\/Produktveredelung-1024x717.jpeg 1024w, https:\/\/bestmann.com\/wp-content\/uploads\/2023\/11\/Produktveredelung-300x210.jpeg 300w, https:\/\/bestmann.com\/wp-content\/uploads\/2023\/11\/Produktveredelung-768x538.jpeg 768w, https:\/\/bestmann.com\/wp-content\/uploads\/2023\/11\/Produktveredelung.jpeg 1280w\" sizes=\"(max-width: 1024px) 100vw, 1024px\" \/>\t\t\t\t\t\t\t\t\t\t\t\t\t\t\t<\/div>\n\t\t\t\t<\/div>\n\t\t<div class=\"elementor-element elementor-element-ef18c1b e-con-full e-flex elementor-invisible e-con e-child\" data-id=\"ef18c1b\" data-element_type=\"container\" data-e-type=\"container\" data-settings=\"{&quot;animation&quot;:&quot;fadeInRight&quot;}\">\n\t\t\t\t<div class=\"elementor-element elementor-element-f065cdf elementor-widget elementor-widget-heading\" data-id=\"f065cdf\" data-element_type=\"widget\" data-e-type=\"widget\" data-widget_type=\"heading.default\">\n\t\t\t\t\t<h2 class=\"elementor-heading-title elementor-size-default\">PRODUCT FINISHING<\/h2>\t\t\t\t<\/div>\n\t\t\t\t<div class=\"elementor-element elementor-element-dca6858 elementor-widget elementor-widget-text-editor\" data-id=\"dca6858\" data-element_type=\"widget\" data-e-type=\"widget\" data-widget_type=\"text-editor.default\">\n\t\t\t\t\t\t\t\t\t<p>We offer you a multitude of surface and product refinement options for the appealing presentation of your products and exhibits. Powder coating, chrome plating and lacquering are often the best way to create a high-quality look and feel, but we would also be happy to carry out more unconventional solutions for you! There are no limits to your creativity \u2013 feel free to contact us.<br \/>Ihrer Kreativit\u00e4t sind keine Grenzen gesetzt \u2013 sprechen Sie uns gerne an.<\/p>\t\t\t\t\t\t\t\t<\/div>\n\t\t\t\t<\/div>\n\t\t\t\t\t<\/div>\n\t\t\t\t<\/div>\n\t\t<div class=\"elementor-element elementor-element-2baa765 e-flex e-con-boxed e-con e-parent\" data-id=\"2baa765\" data-element_type=\"container\" data-e-type=\"container\" data-settings=\"{&quot;background_background&quot;:&quot;classic&quot;}\">\n\t\t\t\t\t<div class=\"e-con-inner\">\n\t\t<div class=\"elementor-element elementor-element-76bcebf e-con-full e-flex elementor-invisible e-con e-child\" data-id=\"76bcebf\" data-element_type=\"container\" data-e-type=\"container\" data-settings=\"{&quot;animation&quot;:&quot;fadeInLeft&quot;}\">\n\t\t\t\t<div class=\"elementor-element elementor-element-6ed9646 elementor-widget elementor-widget-heading\" data-id=\"6ed9646\" data-element_type=\"widget\" data-e-type=\"widget\" data-widget_type=\"heading.default\">\n\t\t\t\t\t<h2 class=\"elementor-heading-title elementor-size-default\">DISPLAYS<\/h2>\t\t\t\t<\/div>\n\t\t\t\t<div class=\"elementor-element elementor-element-9700e31 elementor-widget elementor-widget-text-editor\" data-id=\"9700e31\" data-element_type=\"widget\" data-e-type=\"widget\" data-widget_type=\"text-editor.default\">\n\t\t\t\t\t\t\t\t\t<p>We provide individually tailored presentation displays so that you can present your products and print messages in an attractive and clearly perceptible light. In order to consistently implement your corporate design, we have access to a wide range of creative styles and materials. Our in-house print shop would be happy to support you with the production of your advertising messages and prepare your promotional or long-term displays for immediate use at the respective presentation location.<br \/>We also supply pop-up, banner and roll-up displays.<\/p>\t\t\t\t\t\t\t\t<\/div>\n\t\t\t\t<\/div>\n\t\t<div class=\"elementor-element elementor-element-e01dbc3 e-con-full e-flex elementor-invisible e-con e-child\" data-id=\"e01dbc3\" data-element_type=\"container\" data-e-type=\"container\" data-settings=\"{&quot;animation&quot;:&quot;fadeIn&quot;}\">\n\t\t\t\t<div class=\"elementor-element elementor-element-165f12c elementor-widget elementor-widget-image\" data-id=\"165f12c\" data-element_type=\"widget\" data-e-type=\"widget\" data-widget_type=\"image.default\">\n\t\t\t\t\t\t\t\t\t\t\t\t\t\t\t<img loading=\"lazy\" decoding=\"async\" width=\"1024\" height=\"768\" src=\"https:\/\/bestmann.com\/wp-content\/uploads\/2023\/11\/Stand-Display-1024x768.jpg\" class=\"attachment-large size-large wp-image-344\" alt=\"\" srcset=\"https:\/\/bestmann.com\/wp-content\/uploads\/2023\/11\/Stand-Display-1024x768.jpg 1024w, https:\/\/bestmann.com\/wp-content\/uploads\/2023\/11\/Stand-Display-300x225.jpg 300w, https:\/\/bestmann.com\/wp-content\/uploads\/2023\/11\/Stand-Display-768x576.jpg 768w, https:\/\/bestmann.com\/wp-content\/uploads\/2023\/11\/Stand-Display.jpg 1280w\" sizes=\"(max-width: 1024px) 100vw, 1024px\" \/>\t\t\t\t\t\t\t\t\t\t\t\t\t\t\t<\/div>\n\t\t\t\t<\/div>\n\t\t\t\t\t<\/div>\n\t\t\t\t<\/div>\n\t\t\t\t<\/div>","protected":false},"excerpt":{"rendered":"<p>Sonderl\u00f6sungen HAUSMESSEN Hausmessen sind eine charmante M\u00f6glichkeit, Ihre Vertriebspartner, Gesch\u00e4fts- oder Privatkunden mit Ihren Produkten oder Dienstleistungen in Kontakt zu bringen. Gerne unterst\u00fctzen wir Sie dabei, Ihre Kommunikations- und Marketingziele umzusetzen. Dabei setzten wir Ihre Corporate-Design-Vorgaben professionell um und schaffen Raum- und Pr\u00e4sentationskonzepte, mit denen Sie Ihre G\u00e4ste begeistern. SHOWROOM-GESTALTUNG Unsere Architekten, Planer und Medienexperten [&hellip;]<\/p>\n","protected":false},"author":1,"featured_media":0,"parent":35,"menu_order":0,"comment_status":"closed","ping_status":"closed","template":"","meta":{"_acf_changed":false,"footnotes":""},"class_list":["post-43","page","type-page","status-publish","hentry","wpbf-post"],"acf":[],"_links":{"self":[{"href":"https:\/\/bestmann.com\/en\/wp-json\/wp\/v2\/pages\/43","targetHints":{"allow":["GET"]}}],"collection":[{"href":"https:\/\/bestmann.com\/en\/wp-json\/wp\/v2\/pages"}],"about":[{"href":"https:\/\/bestmann.com\/en\/wp-json\/wp\/v2\/types\/page"}],"author":[{"embeddable":true,"href":"https:\/\/bestmann.com\/en\/wp-json\/wp\/v2\/users\/1"}],"replies":[{"embeddable":true,"href":"https:\/\/bestmann.com\/en\/wp-json\/wp\/v2\/comments?post=43"}],"version-history":[{"count":0,"href":"https:\/\/bestmann.com\/en\/wp-json\/wp\/v2\/pages\/43\/revisions"}],"up":[{"embeddable":true,"href":"https:\/\/bestmann.com\/en\/wp-json\/wp\/v2\/pages\/35"}],"wp:attachment":[{"href":"https:\/\/bestmann.com\/en\/wp-json\/wp\/v2\/media?parent=43"}],"curies":[{"name":"wp","href":"https:\/\/api.w.org\/{rel}","templated":true}]}}