{"id":51,"date":"2023-11-08T15:40:24","date_gmt":"2023-11-08T14:40:24","guid":{"rendered":"https:\/\/kranzhost.de\/bestmann2023\/?page_id=51"},"modified":"2026-01-05T12:29:39","modified_gmt":"2026-01-05T11:29:39","slug":"karriere","status":"publish","type":"page","link":"https:\/\/bestmann.com\/en\/karriere\/","title":{"rendered":"Career"},"content":{"rendered":"\t\t<div data-elementor-type=\"wp-page\" data-elementor-id=\"51\" class=\"elementor elementor-51\" data-elementor-post-type=\"page\">\n\t\t\t\t<div class=\"elementor-element elementor-element-4a066b5 e-con-full e-flex e-con e-parent\" data-id=\"4a066b5\" data-element_type=\"container\" data-e-type=\"container\">\n\t\t\t\t<div class=\"elementor-element elementor-element-48505b5 elementor-widget elementor-widget-shortcode\" data-id=\"48505b5\" data-element_type=\"widget\" data-e-type=\"widget\" data-widget_type=\"shortcode.default\">\n\t\t\t\t\t\t\t<div class=\"elementor-shortcode\"><\/div>\n\t\t\t\t\t\t<\/div>\n\t\t\t\t<\/div>\n\t\t<div class=\"elementor-element elementor-element-57248da e-flex e-con-boxed e-con e-parent\" data-id=\"57248da\" data-element_type=\"container\" data-e-type=\"container\" data-settings=\"{&quot;background_background&quot;:&quot;classic&quot;}\">\n\t\t\t\t\t<div class=\"e-con-inner\">\n\t\t<div class=\"elementor-element elementor-element-fadcce8 e-con-full e-flex e-con e-child\" data-id=\"fadcce8\" data-element_type=\"container\" data-e-type=\"container\">\n\t\t\t\t<div class=\"elementor-element elementor-element-7b869da elementor-invisible elementor-widget elementor-widget-heading\" data-id=\"7b869da\" data-element_type=\"widget\" data-e-type=\"widget\" data-settings=\"{&quot;_animation&quot;:&quot;fadeInLeft&quot;}\" data-widget_type=\"heading.default\">\n\t\t\t\t\t<h1 class=\"elementor-heading-title elementor-size-default\">Karriere\n<\/h1>\t\t\t\t<\/div>\n\t\t\t\t<div class=\"elementor-element elementor-element-50d217a elementor-invisible elementor-widget elementor-widget-heading\" data-id=\"50d217a\" data-element_type=\"widget\" data-e-type=\"widget\" data-settings=\"{&quot;_animation&quot;:&quot;fadeInLeft&quot;}\" data-widget_type=\"heading.default\">\n\t\t\t\t\t<h2 class=\"elementor-heading-title elementor-size-default\">Unsere<br>Arbeitswelt<\/h2>\t\t\t\t<\/div>\n\t\t\t\t<\/div>\n\t\t<div class=\"elementor-element elementor-element-87e97d5 e-con-full e-flex e-con e-child\" data-id=\"87e97d5\" data-element_type=\"container\" data-e-type=\"container\">\n\t\t\t\t<div class=\"elementor-element elementor-element-0ff859b elementor-invisible elementor-widget elementor-widget-text-editor\" data-id=\"0ff859b\" data-element_type=\"widget\" data-e-type=\"widget\" data-settings=\"{&quot;_animation&quot;:&quot;fadeInRight&quot;}\" data-widget_type=\"text-editor.default\">\n\t\t\t\t\t\t\t\t\t<div id=\"x-section-2\" class=\"x-section\"><div id=\"\" class=\"x-container max width\"><div class=\"x-column x-sm x-2-3\" data-x-element=\"column\" data-x-params=\"{&quot;fade&quot;:true}\" data-fade=\"true\"><div id=\"\" class=\"x-text cs-ta-justify\"><p>Seit mehr als 50 Jahren gestalten, planen und realisieren wir Messe-, Event- und Ausstellungsbauten f\u00fcr namhafte Firmen im In- und Ausland.\u00a0Wir sind ein dynamisches, sympathisches Team, in dem alle motiviert f\u00fcr den gemeinsamen Erfolg arbeiten. Wir besch\u00e4ftigen Architekten und Innenarchitekten, Werbetechniker, Designer, Schauwerbegestalter, Elektro-, Maler-, Lackierer- und Tischlermeister, Messebautechniker und Monteure. Dar\u00fcber hinaus arbeiten wir mit einer gro\u00dfen Anzahl freier Spezialisten zusammen.<br \/>Um der steigenden Nachfrage nachhaltig gerecht zu werden, sind wir immer auf der Suche nach neuen Talenten. Sie sind auf der Suche nach neuen Herausforderungen in einer teamorientierten und wertsch\u00e4tzenden Arbeitsatmosph\u00e4re? In unserem Familienunternehmen bieten sich grunds\u00e4tzlich f\u00fcr Bewerber mit entsprechenden Qualifikationen Einsatzm\u00f6glichkeiten:<\/p><\/div><div id=\"\" class=\"x-text cs-ta-justify\"><p>\u2022 <strong>Projektmanagement<\/strong><br \/><strong>\u2022 Architektur<\/strong><br \/><strong>\u2022 Einkauf &amp; Material Scouting<\/strong><br \/><strong>\u2022 Handwerk<\/strong><br \/><strong>\u2022 Montage<\/strong><\/p><\/div><div id=\"\" class=\"x-text cs-ta-justify\"><p>Entdecken Sie Ihre Einstiegschancen in unseren Stellenausschreibungen oder bewerben Sie sich initiativ. Senden Sie daf\u00fcr Ihre aussagekr\u00e4ftige Bewerbung an <a href=\"mailto:talente@bestmann.de\">talente@bestmann.de<\/a>.<\/p><\/div><\/div><\/div><\/div>\t\t\t\t\t\t\t\t<\/div>\n\t\t\t\t<\/div>\n\t\t\t\t\t<\/div>\n\t\t\t\t<\/div>\n\t\t<div class=\"elementor-element elementor-element-ae16c71 e-flex e-con-boxed e-con e-parent\" data-id=\"ae16c71\" data-element_type=\"container\" data-e-type=\"container\" data-settings=\"{&quot;background_background&quot;:&quot;classic&quot;}\">\n\t\t\t\t\t<div class=\"e-con-inner\">\n\t\t<div class=\"elementor-element elementor-element-d65913c e-con-full e-flex e-con e-child\" data-id=\"d65913c\" data-element_type=\"container\" data-e-type=\"container\">\n\t\t\t\t<div class=\"elementor-element elementor-element-3f2ff68 elementor-invisible elementor-widget elementor-widget-heading\" data-id=\"3f2ff68\" data-element_type=\"widget\" data-e-type=\"widget\" data-settings=\"{&quot;_animation&quot;:&quot;fadeInLeft&quot;}\" data-widget_type=\"heading.default\">\n\t\t\t\t\t<h1 class=\"elementor-heading-title elementor-size-default\">Stellen\n<\/h1>\t\t\t\t<\/div>\n\t\t\t\t<div class=\"elementor-element elementor-element-5acab56 elementor-invisible elementor-widget elementor-widget-heading\" data-id=\"5acab56\" data-element_type=\"widget\" data-e-type=\"widget\" data-settings=\"{&quot;_animation&quot;:&quot;fadeInLeft&quot;}\" data-widget_type=\"heading.default\">\n\t\t\t\t\t<h2 class=\"elementor-heading-title elementor-size-default\">Angebote<\/h2>\t\t\t\t<\/div>\n\t\t\t\t<\/div>\n\t\t<div class=\"elementor-element elementor-element-6c3e9e1 e-con-full e-flex e-con e-child\" data-id=\"6c3e9e1\" data-element_type=\"container\" data-e-type=\"container\">\n\t\t\t\t<div class=\"elementor-element elementor-element-bdfdbc2 elementor-grid-2 elementor-grid-tablet-2 elementor-grid-mobile-1 elementor-widget elementor-widget-loop-grid\" data-id=\"bdfdbc2\" data-element_type=\"widget\" data-e-type=\"widget\" data-settings=\"{&quot;template_id&quot;:1247,&quot;columns&quot;:2,&quot;masonry&quot;:&quot;yes&quot;,&quot;_skin&quot;:&quot;post&quot;,&quot;columns_tablet&quot;:&quot;2&quot;,&quot;columns_mobile&quot;:&quot;1&quot;,&quot;edit_handle_selector&quot;:&quot;[data-elementor-type=\\&quot;loop-item\\&quot;]&quot;,&quot;row_gap&quot;:{&quot;unit&quot;:&quot;px&quot;,&quot;size&quot;:&quot;&quot;,&quot;sizes&quot;:[]},&quot;row_gap_tablet&quot;:{&quot;unit&quot;:&quot;px&quot;,&quot;size&quot;:&quot;&quot;,&quot;sizes&quot;:[]},&quot;row_gap_mobile&quot;:{&quot;unit&quot;:&quot;px&quot;,&quot;size&quot;:&quot;&quot;,&quot;sizes&quot;:[]}}\" data-widget_type=\"loop-grid.post\">\n\t\t\t\t<div class=\"elementor-widget-container\">\n\t\t\t\t\t\t\t<div class=\"elementor-loop-container elementor-grid\" role=\"list\">\n\t\t<style id=\"loop-1247\">.elementor-1247 .elementor-element.elementor-element-97053de{--display:flex;--flex-direction:column;--container-widget-width:100%;--container-widget-height:initial;--container-widget-flex-grow:0;--container-widget-align-self:initial;--flex-wrap-mobile:wrap;--padding-top:0px;--padding-bottom:0px;--padding-left:0px;--padding-right:0px;}.elementor-widget-theme-post-featured-image .widget-image-caption{color:var( --e-global-color-text );font-family:var( --e-global-typography-text-font-family ), Sans-serif;font-size:var( --e-global-typography-text-font-size );font-weight:var( --e-global-typography-text-font-weight );letter-spacing:var( --e-global-typography-text-letter-spacing );}.elementor-1247 .elementor-element.elementor-element-db25ad0:hover{--e-transform-scale:1.05;}@media(max-width:1024px){.elementor-widget-theme-post-featured-image .widget-image-caption{font-size:var( --e-global-typography-text-font-size );letter-spacing:var( --e-global-typography-text-letter-spacing );}}@media(max-width:767px){.elementor-widget-theme-post-featured-image .widget-image-caption{font-size:var( --e-global-typography-text-font-size );letter-spacing:var( --e-global-typography-text-letter-spacing );}}<\/style>\t\t<div data-elementor-type=\"loop-item\" data-elementor-id=\"1247\" class=\"elementor elementor-1247 e-loop-item e-loop-item-1372 post-1372 jobs type-jobs status-publish has-post-thumbnail hentry wpbf-post\" data-elementor-post-type=\"elementor_library\" data-custom-edit-handle=\"1\">\n\t\t\t<div class=\"elementor-element elementor-element-97053de e-flex e-con-boxed e-con e-parent\" data-id=\"97053de\" data-element_type=\"container\" data-e-type=\"container\">\n\t\t\t\t\t<div class=\"e-con-inner\">\n\t\t\t\t<div class=\"elementor-element elementor-element-db25ad0 e-transform elementor-widget elementor-widget-theme-post-featured-image elementor-widget-image\" data-id=\"db25ad0\" data-element_type=\"widget\" data-e-type=\"widget\" data-settings=\"{&quot;_transform_scale_effect_hover&quot;:{&quot;unit&quot;:&quot;px&quot;,&quot;size&quot;:1.05,&quot;sizes&quot;:[]},&quot;_transform_scale_effect_hover_tablet&quot;:{&quot;unit&quot;:&quot;px&quot;,&quot;size&quot;:&quot;&quot;,&quot;sizes&quot;:[]},&quot;_transform_scale_effect_hover_mobile&quot;:{&quot;unit&quot;:&quot;px&quot;,&quot;size&quot;:&quot;&quot;,&quot;sizes&quot;:[]}}\" data-widget_type=\"theme-post-featured-image.default\">\n\t\t\t\t\t\t\t\t\t\t\t\t\t\t\t\t<a href=\"https:\/\/bestmann.com\/en\/jobs\/schreiner\/\">\n\t\t\t\t\t\t\t<img fetchpriority=\"high\" decoding=\"async\" width=\"1024\" height=\"1024\" src=\"https:\/\/bestmann.com\/wp-content\/uploads\/2026\/04\/2026-03-ADS_Bestmann_Schreiner-1-1024x1024.jpg\" class=\"attachment-large size-large wp-image-1373\" alt=\"\" srcset=\"https:\/\/bestmann.com\/wp-content\/uploads\/2026\/04\/2026-03-ADS_Bestmann_Schreiner-1-1024x1024.jpg 1024w, https:\/\/bestmann.com\/wp-content\/uploads\/2026\/04\/2026-03-ADS_Bestmann_Schreiner-1-300x300.jpg 300w, https:\/\/bestmann.com\/wp-content\/uploads\/2026\/04\/2026-03-ADS_Bestmann_Schreiner-1-150x150.jpg 150w, https:\/\/bestmann.com\/wp-content\/uploads\/2026\/04\/2026-03-ADS_Bestmann_Schreiner-1-768x768.jpg 768w, https:\/\/bestmann.com\/wp-content\/uploads\/2026\/04\/2026-03-ADS_Bestmann_Schreiner-1-12x12.jpg 12w, https:\/\/bestmann.com\/wp-content\/uploads\/2026\/04\/2026-03-ADS_Bestmann_Schreiner-1.jpg 1080w\" sizes=\"(max-width: 1024px) 100vw, 1024px\" \/>\t\t\t\t\t\t\t\t<\/a>\n\t\t\t\t\t\t\t\t\t\t\t\t\t\t\t<\/div>\n\t\t\t\t\t<\/div>\n\t\t\t\t<\/div>\n\t\t\t\t<\/div>\n\t\t\t\t<div data-elementor-type=\"loop-item\" data-elementor-id=\"1247\" class=\"elementor elementor-1247 e-loop-item e-loop-item-1241 post-1241 jobs type-jobs status-publish has-post-thumbnail hentry wpbf-post\" data-elementor-post-type=\"elementor_library\" data-custom-edit-handle=\"1\">\n\t\t\t<div class=\"elementor-element elementor-element-97053de e-flex e-con-boxed e-con e-parent\" data-id=\"97053de\" data-element_type=\"container\" data-e-type=\"container\">\n\t\t\t\t\t<div class=\"e-con-inner\">\n\t\t\t\t<div class=\"elementor-element elementor-element-db25ad0 e-transform elementor-widget elementor-widget-theme-post-featured-image elementor-widget-image\" data-id=\"db25ad0\" data-element_type=\"widget\" data-e-type=\"widget\" data-settings=\"{&quot;_transform_scale_effect_hover&quot;:{&quot;unit&quot;:&quot;px&quot;,&quot;size&quot;:1.05,&quot;sizes&quot;:[]},&quot;_transform_scale_effect_hover_tablet&quot;:{&quot;unit&quot;:&quot;px&quot;,&quot;size&quot;:&quot;&quot;,&quot;sizes&quot;:[]},&quot;_transform_scale_effect_hover_mobile&quot;:{&quot;unit&quot;:&quot;px&quot;,&quot;size&quot;:&quot;&quot;,&quot;sizes&quot;:[]}}\" data-widget_type=\"theme-post-featured-image.default\">\n\t\t\t\t\t\t\t\t\t\t\t\t\t\t\t\t<a href=\"https:\/\/bestmann.com\/en\/jobs\/projektleiter-im-messebau\/\">\n\t\t\t\t\t\t\t<img decoding=\"async\" width=\"1024\" height=\"1024\" src=\"https:\/\/bestmann.com\/wp-content\/uploads\/2025\/12\/Assistenz-der-Projektleitung-1024x1024.jpg\" class=\"attachment-large size-large wp-image-1391\" alt=\"\" srcset=\"https:\/\/bestmann.com\/wp-content\/uploads\/2025\/12\/Assistenz-der-Projektleitung-1024x1024.jpg 1024w, https:\/\/bestmann.com\/wp-content\/uploads\/2025\/12\/Assistenz-der-Projektleitung-300x300.jpg 300w, https:\/\/bestmann.com\/wp-content\/uploads\/2025\/12\/Assistenz-der-Projektleitung-150x150.jpg 150w, https:\/\/bestmann.com\/wp-content\/uploads\/2025\/12\/Assistenz-der-Projektleitung-768x768.jpg 768w, https:\/\/bestmann.com\/wp-content\/uploads\/2025\/12\/Assistenz-der-Projektleitung-12x12.jpg 12w, https:\/\/bestmann.com\/wp-content\/uploads\/2025\/12\/Assistenz-der-Projektleitung.jpg 1080w\" sizes=\"(max-width: 1024px) 100vw, 1024px\" \/>\t\t\t\t\t\t\t\t<\/a>\n\t\t\t\t\t\t\t\t\t\t\t\t\t\t\t<\/div>\n\t\t\t\t\t<\/div>\n\t\t\t\t<\/div>\n\t\t\t\t<\/div>\n\t\t\t\t<\/div>\n\t\t\n\t\t\t\t\t\t<\/div>\n\t\t\t\t<\/div>\n\t\t\t\t<\/div>\n\t\t\t\t\t<\/div>\n\t\t\t\t<\/div>\n\t\t<div class=\"elementor-element elementor-element-914792f e-flex e-con-boxed e-con e-parent\" data-id=\"914792f\" data-element_type=\"container\" data-e-type=\"container\" data-settings=\"{&quot;background_background&quot;:&quot;classic&quot;}\">\n\t\t\t\t\t<div class=\"e-con-inner\">\n\t\t<div class=\"elementor-element elementor-element-6cf9bf9 e-con-full e-flex e-con e-child\" data-id=\"6cf9bf9\" data-element_type=\"container\" data-e-type=\"container\">\n\t\t\t\t<div class=\"elementor-element elementor-element-275b8db elementor-invisible elementor-widget elementor-widget-heading\" data-id=\"275b8db\" data-element_type=\"widget\" data-e-type=\"widget\" data-settings=\"{&quot;_animation&quot;:&quot;fadeInLeft&quot;}\" data-widget_type=\"heading.default\">\n\t\t\t\t\t<h1 class=\"elementor-heading-title elementor-size-default\">Karriere\n<\/h1>\t\t\t\t<\/div>\n\t\t\t\t<div class=\"elementor-element elementor-element-c26b0b1 elementor-invisible elementor-widget elementor-widget-heading\" data-id=\"c26b0b1\" data-element_type=\"widget\" data-e-type=\"widget\" data-settings=\"{&quot;_animation&quot;:&quot;fadeInLeft&quot;}\" data-widget_type=\"heading.default\">\n\t\t\t\t\t<h2 class=\"elementor-heading-title elementor-size-default\">Datenschutz<\/h2>\t\t\t\t<\/div>\n\t\t\t\t<\/div>\n\t\t<div class=\"elementor-element elementor-element-fb3a943 e-con-full e-flex e-con e-child\" data-id=\"fb3a943\" data-element_type=\"container\" data-e-type=\"container\">\n\t\t\t\t<div class=\"elementor-element elementor-element-f848838 elementor-invisible elementor-widget elementor-widget-text-editor\" data-id=\"f848838\" data-element_type=\"widget\" data-e-type=\"widget\" data-settings=\"{&quot;_animation&quot;:&quot;fadeInRight&quot;}\" data-widget_type=\"text-editor.default\">\n\t\t\t\t\t\t\t\t\t<p>Datenschutz ist uns wichtig. Wenn Du wissen m\u00f6chtest, was mit Deinen Bewerbungsdaten passiert, klicke\u00a0<a href=\"https:\/\/bestmann.com\/datenschutz-bei-bewerbungen\/\"><strong>HIER<\/strong><\/a><\/p>\t\t\t\t\t\t\t\t<\/div>\n\t\t\t\t<\/div>\n\t\t\t\t\t<\/div>\n\t\t\t\t<\/div>\n\t\t\t\t<\/div>\n\t\t","protected":false},"excerpt":{"rendered":"<p>Karriere UnsereArbeitswelt Seit mehr als 50 Jahren gestalten, planen und realisieren wir Messe-, Event- und Ausstellungsbauten f\u00fcr namhafte Firmen im In- und Ausland.\u00a0Wir sind ein dynamisches, sympathisches Team, in dem alle motiviert f\u00fcr den gemeinsamen Erfolg arbeiten. Wir besch\u00e4ftigen Architekten und Innenarchitekten, Werbetechniker, Designer, Schauwerbegestalter, Elektro-, Maler-, Lackierer- und Tischlermeister, Messebautechniker und Monteure. Dar\u00fcber hinaus [&hellip;]<\/p>\n","protected":false},"author":1,"featured_media":0,"parent":0,"menu_order":0,"comment_status":"closed","ping_status":"closed","template":"","meta":{"_acf_changed":false,"footnotes":""},"class_list":["post-51","page","type-page","status-publish","hentry","wpbf-post"],"acf":[],"_links":{"self":[{"href":"https:\/\/bestmann.com\/en\/wp-json\/wp\/v2\/pages\/51","targetHints":{"allow":["GET"]}}],"collection":[{"href":"https:\/\/bestmann.com\/en\/wp-json\/wp\/v2\/pages"}],"about":[{"href":"https:\/\/bestmann.com\/en\/wp-json\/wp\/v2\/types\/page"}],"author":[{"embeddable":true,"href":"https:\/\/bestmann.com\/en\/wp-json\/wp\/v2\/users\/1"}],"replies":[{"embeddable":true,"href":"https:\/\/bestmann.com\/en\/wp-json\/wp\/v2\/comments?post=51"}],"version-history":[{"count":0,"href":"https:\/\/bestmann.com\/en\/wp-json\/wp\/v2\/pages\/51\/revisions"}],"wp:attachment":[{"href":"https:\/\/bestmann.com\/en\/wp-json\/wp\/v2\/media?parent=51"}],"curies":[{"name":"wp","href":"https:\/\/api.w.org\/{rel}","templated":true}]}}